{"id":725,"date":"2022-09-13T13:08:05","date_gmt":"2022-09-13T11:08:05","guid":{"rendered":"https:\/\/www.soflinpharma.fi\/?post_type=product&#038;p=725"},"modified":"2026-03-14T04:25:29","modified_gmt":"2026-03-14T03:25:29","slug":"optimega-d","status":"publish","type":"product","link":"https:\/\/www.soflinpharma.fi\/sv\/produkt\/optimega-d\/","title":{"rendered":"OPTIMEGA-D"},"content":{"rendered":"<p>[et_pb_section fb_built=&#8221;1&#8243; _builder_version=&#8221;4.16&#8243; custom_padding=&#8221;0px||||false|false&#8221; global_colors_info=&#8221;{}&#8221;][et_pb_row _builder_version=&#8221;4.16&#8243; background_size=&#8221;initial&#8221; background_position=&#8221;top_left&#8221; background_repeat=&#8221;repeat&#8221; width=&#8221;100%&#8221; custom_padding=&#8221;0px||0px||false|false&#8221; global_colors_info=&#8221;{}&#8221;][et_pb_column type=&#8221;4_4&#8243; _builder_version=&#8221;4.16&#8243; custom_padding=&#8221;|||&#8221; global_colors_info=&#8221;{}&#8221; custom_padding__hover=&#8221;|||&#8221;][et_pb_wc_breadcrumb _builder_version=&#8221;4.16&#8243; global_colors_info=&#8221;{}&#8221;][\/et_pb_wc_breadcrumb][et_pb_wc_cart_notice _builder_version=&#8221;4.18.0&#8243; global_colors_info=&#8221;{}&#8221;][\/et_pb_wc_cart_notice][\/et_pb_column][\/et_pb_row][et_pb_row column_structure=&#8221;1_2,1_2&#8243; _builder_version=&#8221;4.16&#8243; background_size=&#8221;initial&#8221; background_position=&#8221;top_left&#8221; background_repeat=&#8221;repeat&#8221; width=&#8221;100%&#8221; custom_padding=&#8221;0px||||false|false&#8221; global_colors_info=&#8221;{}&#8221;][et_pb_column type=&#8221;1_2&#8243; _builder_version=&#8221;4.16&#8243; custom_padding=&#8221;|||&#8221; global_colors_info=&#8221;{}&#8221; custom_padding__hover=&#8221;|||&#8221;][et_pb_wc_images _builder_version=&#8221;4.16&#8243; global_colors_info=&#8221;{}&#8221;][\/et_pb_wc_images][\/et_pb_column][et_pb_column type=&#8221;1_2&#8243; _builder_version=&#8221;4.16&#8243; custom_padding=&#8221;|||&#8221; global_colors_info=&#8221;{}&#8221; custom_padding__hover=&#8221;|||&#8221;][et_pb_wc_title _builder_version=&#8221;4.16&#8243; global_colors_info=&#8221;{}&#8221;][\/et_pb_wc_title][et_pb_wc_rating _builder_version=&#8221;4.16&#8243; global_colors_info=&#8221;{}&#8221;][\/et_pb_wc_rating][et_pb_wc_price _builder_version=&#8221;4.16&#8243; global_colors_info=&#8221;{}&#8221;][\/et_pb_wc_price][et_pb_wc_description _builder_version=&#8221;4.16&#8243; global_colors_info=&#8221;{}&#8221;][\/et_pb_wc_description][et_pb_wc_add_to_cart _builder_version=&#8221;4.18.0&#8243; global_colors_info=&#8221;{}&#8221;][\/et_pb_wc_add_to_cart][et_pb_wc_meta _builder_version=&#8221;4.16&#8243; global_colors_info=&#8221;{}&#8221;][\/et_pb_wc_meta][\/et_pb_column][\/et_pb_row][et_pb_row _builder_version=&#8221;4.18.0&#8243; _module_preset=&#8221;default&#8221; global_colors_info=&#8221;{}&#8221;][et_pb_column type=&#8221;4_4&#8243; _builder_version=&#8221;4.18.0&#8243; _module_preset=&#8221;default&#8221; global_colors_info=&#8221;{}&#8221;][et_pb_text _builder_version=&#8221;4.18.0&#8243; _module_preset=&#8221;default&#8221; text_font=&#8221;Montserrat|500|||||||&#8221; text_font_size=&#8221;24px&#8221; text_letter_spacing=&#8221;1px&#8221; text_line_height=&#8221;1.3em&#8221; global_colors_info=&#8221;{}&#8221;]Nya generationen Omega-3. Krillolja + D-vitamin.<br \/>\nDen f\u00f6rsta krilloljan i Sverige i kombination med D-vitamin.<\/p>\n<p>F\u00f6r dig som anv\u00e4nder t\u00e5rsubstitut flera ggr\/dag, kan Optimega-D med endast 1-2 kapslar\/dag vara ett alternativ.<br \/>\n[\/et_pb_text][et_pb_text _builder_version=&#8221;4.18.0&#8243; _module_preset=&#8221;default&#8221; text_font=&#8221;Open Sans||||||||&#8221; text_font_size=&#8221;17px&#8221; global_colors_info=&#8221;{}&#8221;]<strong>Har du en k\u00e4nsla av att \u00f6gonen k\u00e4nns torra och\/eller svider?<\/strong><\/p>\n<p>Om \u00f6gonen k\u00e4nns grusiga och \u00e4ven en upplevelse av sveda, s\u00e5 kan det bero p\u00e5 att t\u00e5rfilmen inte f\u00e4ster (\u201c\u00f6gonen rinner\u201d) eller har en defekt sammans\u00e4ttning. F\u00f6r detta finns det konstgjorda t\u00e5rar, sk. t\u00e5rsubstitut\/\u00f6gondroppar som droppas i \u00f6gonen flera g\u00e5nger\/dag beroende p\u00e5 besv\u00e4r. Problemet kan ocks\u00e5 ligga i t\u00e5rk\u00f6rtlarna och d\u00e4r hj\u00e4lper inga \u00f6gondroppar.<\/p>\n<p>Omega-3 har i studier \u00e4ven visat en antiinflammatorisk effekt, och kan stimulera t\u00e5rk\u00f6rtlar att \u00e5ter b\u00f6rja producera fett, vilket \u00e4r positivt f\u00f6r de som har en k\u00e4nsla av torra \u00f6gon. Omega-3 fr\u00e5n krill har i publicerad studie i amerikanska \u00f6gonl\u00e4karf\u00f6rbundets tidning Ophthalmology (2016) visats vara effektivare \u00e4n Omega-3 fr\u00e5n fisk vid \u00f6gon som k\u00e4nns torra. Omega-3 fr\u00e5n krill har naturligt inneh\u00e5ll av antioxidanten Astaxantin, som skyddar oljan mot h\u00e4rskning och dessutom har en antioxiderande effekt som \u00e4r 47 g\u00e5nger st\u00f6rre \u00e4n vanlig fiskolja.<\/p>\n<p>Livsmedelsverket rekommenderar att \u00e4ta fisk 2-3 ggr\/vecka. I Sverige \u00e4ter vi ca. h\u00e4lften av detta (enl. V\u00e4rldsnaturfonden). D\u00e5 kan det vara bra att komplettera med ett kosttillskott med Omega-3 och d\u00e5 g\u00e4rna inkluderande D-vitamin vilket m\u00e5nga har brist p\u00e5 under den solfattiga delen av \u00e5ret.<\/p>\n<p>Det unika med Optimega-D \u00e4r att Omega-3 fettsyrorna kommer fr\u00e5n krill, samt att Optimega-D \u00e4r tillsatt med D-vitamin. En stor f\u00f6rdel med Omega-3 fettsyror i krillolja \u00e4r att det \u00e4r bundet till fosfolipider. F\u00f6rdelen \u00e4r att dessa Omega-3 fosfolipider \u00e4r vattenl\u00f6sliga s\u00e5 att de upptas direkt fr\u00e5n tarmen. Studier har indikerat att upptaget \u00e4r upp till 50% h\u00f6gre \u00e4n f\u00f6r vanlig Omega-3 fiskolja som \u00e4r bundet till triglycerider.<\/p>\n<p>Omega-3 inneh\u00e5ller EPA och DHA som bidrar till hj\u00e4rtats normala funktion. Denna positiva effekt uppn\u00e5s vid dagligt intag av 250 mg DHA\/EPA. Omega-3 fettsyror \u00e4r n\u00e4rings\u00e4mnen som tillf\u00f6r n\u00e4ring till cellerna i n\u00e4thinnan (fotoreceptorerna). Dessa fettsyror, DHA\/EPA, finns i h\u00f6ga koncentrationer b\u00e5de i stavar och tappar. Stavar kallas de synceller som finns utanf\u00f6r gula fl\u00e4cken och de \u00e4r mest ljusk\u00e4nsliga och anv\u00e4nds i m\u00f6rker. Tappar kallas de synceller som finns i gula fl\u00e4cken och de g\u00f6r s\u00e5 att vi ser skarpt och de \u00e4r mest f\u00e4rgk\u00e4nsliga. Optimega-D inneh\u00e5ller h\u00f6ga halter av de viktiga fettsyrorna EPA och DHA. Speciellt DHA \u00e4r viktig f\u00f6r retinas (n\u00e4thinnans) funktion. DHA bibeh\u00e5ller \u00e4ven hj\u00e4rnans funktion.<\/p>\n<p><strong>D-vitamin<\/strong><\/p>\n<ul>\n<li>Bygger tillsammans med kalcium, magnesium och fosfor en stark benstomme<\/li>\n<li>Bidrar till att bibeh\u00e5lla normal muskelfunktion<\/li>\n<li>Bidrar till immunsystemets normala funktion<\/li>\n<li>Bidrar till normal tillv\u00e4xt och utvecklingen av ben hos barn<\/li>\n<\/ul>\n<p>Brist p\u00e5 D-vitamin i norden \u00e4r som st\u00f6rst under sen h\u00f6st och vintertid och \u00e4ven under de solsvaga v\u00e5r-vinterm\u00e5naderna. \u00c4ven de som sitter inomhus ofta eller har t\u00e4ckande kl\u00e4dsel riskerar att f\u00e5 f\u00f6r lite D-vitamin via solljus. \u00d6ver 75 \u00e5rs \u00e5lder blir huden tunnare och d\u00e5 minskar f\u00f6rm\u00e5gan att kunna bilda D-vitamin i kroppen med 75%. Har man dessutom solskyddskr\u00e4m (vilket \u00e4r viktigt) s\u00e5 minskas bildandet av D-vitamin \u00e4n mer.<\/p>\n<p>Enl. EFSA (Europeiska livsmedelsmyndigheten) b\u00f6r inte vuxna inta mer \u00e4n 100 mcg D-vitamin\/dag.<\/p>\n<p>Dosering Optimega-D: 1-2 kapslar\/dag eller efter l\u00e4kares ordination. Ingen eftersmak av fisk. En ask inneh\u00e5ller 60 l\u00e4ttsvalda kapslar. 1 kapsel inneh\u00e5ller 500 mg krillolja + 20 mikrogram (800 IE) D3-vitamin.<\/p>\n<p>Skaldjursallergiker eller de som f\u00e5r blodf\u00f6rtunnande medicin b\u00f6r r\u00e5dfr\u00e5ga sin l\u00e4kare f\u00f6re intag av Optimega-D. Detsamma g\u00e4ller gravida och ammande.<\/p>\n<p>Krilloljan i Optimega-D \u00e4r kallpressad olja fr\u00e5n 100% antarktisk krill, som \u00e4r sm\u00e5 r\u00e4kliknande kr\u00e4ftdjur som finns i norra ishavet. Krill \u00e4r inte belastad med f\u00f6roreningar som andra havsdjur h\u00f6gre upp i n\u00e4ringskedjan. F\u00e5ngst av krill utg\u00f6r mindre \u00e4n 0,1% av den totala m\u00e4ngden krill i havet.<\/p>\n<p>Krilloljan i Optimega-D \u00e4r certifierad f\u00f6r milj\u00f6v\u00e4nligt krillfiske av den oberoende organisationen Friend of the Sea. Friend of the Sea granskar fiskefartyg och s\u00e4kerst\u00e4ller att internationella riktlinjerna respekteras. Krilloljan \u00e4r framst\u00e4lld av Aker Biomarine.<\/p>\n<p>Optimega-D skall ses som ett tillskott till vardagliga kosten och b\u00f6r inte ers\u00e4tta en varierad kost.<br \/>\n[\/et_pb_text][et_pb_divider color=&#8221;#0C71C3&#8243; divider_weight=&#8221;3px&#8221; _builder_version=&#8221;4.18.0&#8243; _module_preset=&#8221;default&#8221; global_colors_info=&#8221;{}&#8221;][\/et_pb_divider][\/et_pb_column][\/et_pb_row][et_pb_row _builder_version=&#8221;4.16&#8243; background_size=&#8221;initial&#8221; background_position=&#8221;top_left&#8221; background_repeat=&#8221;repeat&#8221; width=&#8221;100%&#8221; global_colors_info=&#8221;{}&#8221;][et_pb_column type=&#8221;4_4&#8243; _builder_version=&#8221;4.16&#8243; custom_padding=&#8221;|||&#8221; global_colors_info=&#8221;{}&#8221; custom_padding__hover=&#8221;|||&#8221;][et_pb_wc_related_products _builder_version=&#8221;4.16&#8243; global_colors_info=&#8221;{}&#8221;][\/et_pb_wc_related_products][\/et_pb_column][\/et_pb_row][\/et_pb_section]<\/p>\n","protected":false},"excerpt":{"rendered":"<p><strong>Har du en k\u00e4nsla av att \u00f6gonen k\u00e4nns torra och\/eller svider?<br \/>\n<\/strong>Nya generationen Omega-3 p\u00e5 Krillolja + D-vitamin. Utm\u00e4rkt alternativ f\u00f6r dig som anv\u00e4nder t\u00e5rsubstitut flera ggr\/dag. 30,5 EUR\/ask vid k\u00f6p av 3 askar.<\/p>\n<p>Omega-3 fr\u00e5n krill \u00e4r effektivare \u00e4n Omega-3 fr\u00e5n fisk, vid \u00f6gon som k\u00e4nns torra.<\/p>\n<p><strong>Vetenskapligt bevisat i publicerad studie<\/strong> (Deinema et al. Krill Oil and Fish Oil for Dry Eye Disease) i AMERICAN ACADEMY OF OPHTHALMOLOGY, 2016;1-10.<\/p>\n<ul>\n<li>Krillolja f\u00f6refaller ge b\u00e4ttre effekt vad g\u00e4ller subjektiva symtom p\u00e5 torra \u00f6gon \u00e4n fiskolja.<\/li>\n<li>Krillolja ger en signifikant reduktion av cytokinniv\u00e5erna i t\u00e5rv\u00e4tskan, vilket inte kan p\u00e5visas f\u00f6r fiskolja.<\/li>\n<\/ul>\n<p><strong><em>\u201dDen sista punkten talar f\u00f6r krillolja (som inneh\u00e5ller fosfoliper) som till skillnad fr\u00e5n fiskolja (triglycerider) reducerar cytokinniv\u00e5erna. Detta f\u00f6rklarar skillnaden i effekten p\u00e5 symtomen\u201d.<\/em><\/strong><br \/>\n\/ \u00d6gonl\u00e4kare Bo Hedqvist, Kung\u00e4lv, som skrivit \u201dState of the Art-dokumentet\u201d vad g\u00e4ller torra \u00f6gon f\u00f6r Socialstyrelsen.<\/p>\n<p><strong><em>\u201dTidigare droppade jag mina torra \u00f6gon minst sex g\u00e5nger om dagen, men efter en tid med en kapsel\/dag med OPTIMEGA-D, s\u00e5 k\u00e4nns inte mina \u00f6gon torra l\u00e4ngre.\u201d<\/em><\/strong><br \/>\n\/ Sandra Holmquist, leg kontaktlinsoptiker, Specsavers, Baltzargatan 39, Malm\u00f6<\/p>\n<p>Omega-3 har i studier \u00e4ven visat en antiinflammatorisk effekt, och kan stimulera t\u00e5rk\u00f6rtlar att \u00e5ter b\u00f6rja producera fett, vilket \u00e4r positivt f\u00f6r de som har en k\u00e4nsla av torra \u00f6gon.<\/p>\n<p>Det unika med OPTIMEGA-D \u00e4r att Omega-3 fettsyrorna kommer fr\u00e5n krill, samt att OPTIMEGA-D \u00e4r tillsatt med D-vitamin. En stor f\u00f6rdel med Omega-3 fettsyror i krillolja \u00e4r att det \u00e4r bundet till fosfolipider. F\u00f6rdelen \u00e4r att dessa Omega-3 fosfolipider \u00e4r vattenl\u00f6sliga s\u00e5 att de upptas direkt fr\u00e5n tarmen. Studier har indikerat att upptaget \u00e4r upp till 50% h\u00f6gre \u00e4n f\u00f6r vanlig Omega-3 fiskolja som \u00e4r bundet till triglycerider.<\/p>\n<p>Dosering OPTIMEGA-D: 1-2 kapslar\/dag eller efter l\u00e4kares ordination. Ingen eftersmak av fisk.<\/p>\n<p>En ask inneh\u00e5ller 60 l\u00e4ttsvalda kapslar.<\/p>\n","protected":false},"featured_media":573,"comment_status":"open","ping_status":"closed","template":"","meta":{"_et_pb_use_builder":"on","_et_pb_old_content":"<h2>OPTIMEGA-D-valmisteen sis\u00e4lt\u00f6<\/h2>\r\nD-vitamiini\r\n<ul>\r\n \t<li>Vahvistaa luustoa yhdess\u00e4 kalsiumin, magnesiumin ja fosforin kanssa<\/li>\r\n \t<li>Auttaa yll\u00e4pit\u00e4m\u00e4\u00e4n normaalia lihastoimintaa<\/li>\r\n \t<li>Tukee immuunij\u00e4rjestelm\u00e4n normaalia toimintaa<\/li>\r\n<\/ul>\r\nPohjoismaissa D-vitamiinin puutos on suurimmillaan loppusyksyst\u00e4 ja talvikuukausina, mutta my\u00f6s v\u00e4h\u00e4aurinkoisina kev\u00e4ttalven kuukausina. Auringonvalon vaikutuksesta iholla ei muodostu riitt\u00e4v\u00e4sti D-vitamiinia my\u00f6sk\u00e4\u00e4n, jos aikaa vietet\u00e4\u00e4n paljon sis\u00e4tiloissa tai vaatteet ovat peitt\u00e4v\u00e4t. Yli 75\u00a0vuoden i\u00e4ss\u00e4 iho haurastuu ja elimist\u00f6n kyky varastoida D-vitamiinia heikkenee 75\u00a0prosenttia. My\u00f6s aurinkosuojavoide (jota on t\u00e4rke\u00e4 k\u00e4ytt\u00e4\u00e4) heikent\u00e4\u00e4 D-vitamiinin muodostumista.\r\n\r\nD-vitamiinin p\u00e4ivitt\u00e4inen saantisuositus vaihtelee i\u00e4n ja auringonvalolle altistumisen mukaan.\r\n<h2>OPTIMEGA-D-valmisteen muu sis\u00e4lt\u00f6<\/h2>\r\nKrillist\u00e4 saadut omega-3-rasvahapot sis\u00e4lt\u00e4v\u00e4t luonnostaan astaksantiinia eli antioksidanttia, joka est\u00e4\u00e4 \u00f6ljyn h\u00e4rskiintymist\u00e4. Sen antioksidanttinen vaikutus on 47-kertainen tavalliseen kala\u00f6ljyyn verrattuna.\r\n\r\nKapselin sis\u00e4lt\u00f6: 500 mg puhdas krilli\u00f6ljy (NKO\u00ae) ja 0,020 mg (800 IU) D3-vitamiini.\r\n\r\n<strong>Ravintosis\u00e4lt\u00f6 1\u00a0kapselia kohden:<\/strong>\r\n<table width=\"100%\">\r\n<tbody>\r\n<tr>\r\n<td><strong>Rasva<\/strong><\/td>\r\n<td>0,38 g<\/td>\r\n<td><strong>Omega-6-rasvahapot<\/strong><\/td>\r\n<td>5 mg<\/td>\r\n<\/tr>\r\n<tr>\r\n<td><strong>Josta tyydyttynytt\u00e4 rasvaa<\/strong><\/td>\r\n<td>0,15 g<\/td>\r\n<td><strong>Omega-9-rasvahapot<\/strong><\/td>\r\n<td>40 mg<\/td>\r\n<\/tr>\r\n<tr>\r\n<td><strong>Josta tyydyttym\u00e4t\u00f6nt\u00e4 rasvaa<\/strong><\/td>\r\n<td>0,16 g<\/td>\r\n<td><strong>Fosfolipidit<\/strong><\/td>\r\n<td>225 mg<\/td>\r\n<\/tr>\r\n<tr>\r\n<td><strong>Omega-3-rasvahapot<\/strong><\/td>\r\n<td>125 mg<\/td>\r\n<td><strong>Astaksantiini<\/strong><\/td>\r\n<td>0,180 mg<\/td>\r\n<\/tr>\r\n<tr>\r\n<td><strong>EPA (eikosapentaeenihappo)<\/strong><\/td>\r\n<td>70 mg<\/td>\r\n<td><strong>D3-vitamiini<\/strong><\/td>\r\n<td>0,020 mg**<\/td>\r\n<\/tr>\r\n<tr>\r\n<td><strong>DHA (dokosaheksaeenihappo)<\/strong><\/td>\r\n<td>30 mg<\/td>\r\n<td><strong>Koliini<\/strong><\/td>\r\n<td>25 mg<\/td>\r\n<\/tr>\r\n<\/tbody>\r\n<\/table>\r\nDRI = P\u00e4ivitt\u00e4inen saantisuositus.\r\n** = Lapset ja alle 75-vuotiaat: 200\u00a0% DRI. Yli 75-vuotiaat: 100\u00a0% DRI.\r\n\r\nAinesosat: Neptune-krilli\u00f6ljy (Euphausia superba), gelatiini, kosteudens\u00e4ilytt\u00e4j\u00e4 (sorbitoli, glyseroli), vesi, D3-vitamiini (kolekalsiferoli).\r\n\r\nJos olet allerginen \u00e4yri\u00e4isille tai k\u00e4yt\u00e4t verenohennusl\u00e4\u00e4kityst\u00e4 tai olet raskaana tai imet\u00e4t, keskustele l\u00e4\u00e4k\u00e4risi kanssa ennen kuin k\u00e4yt\u00e4t OPTIMEGA-D-valmistetta.\r\n\r\nOmega-3-rasvahapot ovat ravintoaineita, jotka viev\u00e4t ravinteita verkkokalvon soluille (fotoreseptoreille). N\u00e4it\u00e4 rasvahappoja (DHA\/EPA) on runsaasti sek\u00e4 sauva- ett\u00e4 tappisoluissa. Sauvasolut tarkoittavat n\u00e4k\u00f6soluja, jotka ovat keltat\u00e4pl\u00e4n ulkopuolella. N\u00e4m\u00e4 solut ovat valoherkimpi\u00e4, ja niit\u00e4 tarvitaan h\u00e4m\u00e4r\u00e4n\u00e4k\u00f6\u00f6n. Tappisolut tarkoittavat n\u00e4k\u00f6soluja, joita on keltat\u00e4pl\u00e4ss\u00e4. Ne huolehtivat ter\u00e4v\u00e4st\u00e4 n\u00e4\u00f6st\u00e4 ja v\u00e4rienerottelukyvyst\u00e4. OPTIMEGA-D sis\u00e4lt\u00e4\u00e4 runsaasti t\u00e4rkeit\u00e4 EPA- ja DHA-rasvahappoja. Varsinkin DHA-rasvahappo on t\u00e4rke\u00e4\u00e4 retinan (verkkokalvon) toiminnalle. DHA tukee my\u00f6s aivotoimintaa.\r\n\r\nOPTIMEGA-D-valmisteen sis\u00e4lt\u00e4m\u00e4 kylm\u00e4puristettu krilli\u00f6ljy saadaan etel\u00e4nkrillist\u00e4, joka on katkarapua muistuttava \u00e4yri\u00e4islaji. Muista ravintoketjussa ylemp\u00e4n\u00e4 olevista meriel\u00e4imist\u00e4 poiketen krilli ei sis\u00e4ll\u00e4 ep\u00e4puhtauksia. Krillin pyyntim\u00e4\u00e4r\u00e4 on alle 0,1 prosenttia kokonaism\u00e4\u00e4r\u00e4st\u00e4. OPTIMEGA-D-valmisteen sis\u00e4lt\u00e4m\u00e4 krilli\u00f6ljy on saanut kest\u00e4v\u00e4n kalastuksen sertifioinnin riippumattomalta Friend of the Sea -j\u00e4rjest\u00f6lt\u00e4. Friend of the Sea tarkastaa kalastusalukset ja varmistaa, ett\u00e4 kansainv\u00e4lisi\u00e4 s\u00e4\u00e4nt\u00f6j\u00e4 noudatetaan. Krilli\u00f6ljyn valmistaja on Aker Biomarine.","_et_gb_content_width":""},"product_cat":[43],"product_tag":[],"shsp-ext":{"main":{},"variations":[]},"yoast_head":"<!-- This site is optimized with the Yoast SEO plugin v21.1 - https:\/\/yoast.com\/wordpress\/plugins\/seo\/ -->\n<title>OPTIMEGA-D - Soflin Pharma AB<\/title>\n<meta name=\"description\" content=\"Har du en k\u00e4nsla av att \u00f6gonen k\u00e4nns torra och\/eller svider? OPTIMEGA-D \u00e4r nya generationen Omega-3 p\u00e5 Krillolja + D-vitamin.\" \/>\n<meta name=\"robots\" content=\"index, follow, max-snippet:-1, max-image-preview:large, max-video-preview:-1\" \/>\n<link rel=\"canonical\" href=\"https:\/\/www.soflinpharma.fi\/sv\/produkt\/optimega-d\/\" \/>\n<meta property=\"og:locale\" content=\"sv_SE\" \/>\n<meta property=\"og:type\" content=\"article\" \/>\n<meta property=\"og:title\" content=\"OPTIMEGA-D - Soflin Pharma AB\" \/>\n<meta property=\"og:description\" content=\"Har du en k\u00e4nsla av att \u00f6gonen k\u00e4nns torra och\/eller svider? OPTIMEGA-D \u00e4r nya generationen Omega-3 p\u00e5 Krillolja + D-vitamin.\" \/>\n<meta property=\"og:url\" content=\"https:\/\/www.soflinpharma.fi\/sv\/produkt\/optimega-d\/\" \/>\n<meta property=\"og:site_name\" content=\"Soflin Pharma AB\" \/>\n<meta property=\"article:modified_time\" content=\"2026-03-14T03:25:29+00:00\" \/>\n<meta property=\"og:image\" content=\"https:\/\/www.soflinpharma.fi\/wp-content\/uploads\/2022\/09\/Optimega-D_pills.jpeg\" \/>\n\t<meta property=\"og:image:width\" content=\"800\" \/>\n\t<meta property=\"og:image:height\" content=\"800\" \/>\n\t<meta property=\"og:image:type\" content=\"image\/jpeg\" \/>\n<meta name=\"twitter:card\" content=\"summary_large_image\" \/>\n<meta name=\"twitter:label1\" content=\"Ber\u00e4knad l\u00e4stid\" \/>\n\t<meta name=\"twitter:data1\" content=\"4 minuter\" \/>\n<script type=\"application\/ld+json\" class=\"yoast-schema-graph\">{\"@context\":\"https:\/\/schema.org\",\"@graph\":[{\"@type\":\"WebPage\",\"@id\":\"https:\/\/www.soflinpharma.fi\/sv\/produkt\/optimega-d\/\",\"url\":\"https:\/\/www.soflinpharma.fi\/sv\/produkt\/optimega-d\/\",\"name\":\"OPTIMEGA-D - Soflin Pharma AB\",\"isPartOf\":{\"@id\":\"https:\/\/www.soflinpharma.fi\/sv\/#website\"},\"datePublished\":\"2022-09-13T11:08:05+00:00\",\"dateModified\":\"2026-03-14T03:25:29+00:00\",\"description\":\"Har du en k\u00e4nsla av att \u00f6gonen k\u00e4nns torra och\/eller svider? OPTIMEGA-D \u00e4r nya generationen Omega-3 p\u00e5 Krillolja + D-vitamin.\",\"breadcrumb\":{\"@id\":\"https:\/\/www.soflinpharma.fi\/sv\/produkt\/optimega-d\/#breadcrumb\"},\"inLanguage\":\"sv-SE\",\"potentialAction\":[{\"@type\":\"ReadAction\",\"target\":[\"https:\/\/www.soflinpharma.fi\/sv\/produkt\/optimega-d\/\"]}]},{\"@type\":\"BreadcrumbList\",\"@id\":\"https:\/\/www.soflinpharma.fi\/sv\/produkt\/optimega-d\/#breadcrumb\",\"itemListElement\":[{\"@type\":\"ListItem\",\"position\":1,\"name\":\"Hem\",\"item\":\"https:\/\/www.soflinpharma.fi\/sv\/\"},{\"@type\":\"ListItem\",\"position\":2,\"name\":\"Produkter\",\"item\":\"https:\/\/www.soflinpharma.fi\/sv\/produkter\/\"},{\"@type\":\"ListItem\",\"position\":3,\"name\":\"OPTIMEGA-D\"}]},{\"@type\":\"WebSite\",\"@id\":\"https:\/\/www.soflinpharma.fi\/sv\/#website\",\"url\":\"https:\/\/www.soflinpharma.fi\/sv\/\",\"name\":\"Soflin Pharma AB\",\"description\":\"\",\"publisher\":{\"@id\":\"https:\/\/www.soflinpharma.fi\/sv\/#organization\"},\"potentialAction\":[{\"@type\":\"SearchAction\",\"target\":{\"@type\":\"EntryPoint\",\"urlTemplate\":\"https:\/\/www.soflinpharma.fi\/sv\/?s={search_term_string}\"},\"query-input\":\"required name=search_term_string\"}],\"inLanguage\":\"sv-SE\"},{\"@type\":\"Organization\",\"@id\":\"https:\/\/www.soflinpharma.fi\/sv\/#organization\",\"name\":\"Soflin Pharma AB\",\"url\":\"https:\/\/www.soflinpharma.fi\/sv\/\",\"logo\":{\"@type\":\"ImageObject\",\"inLanguage\":\"sv-SE\",\"@id\":\"https:\/\/www.soflinpharma.fi\/sv\/#\/schema\/logo\/image\/\",\"url\":\"https:\/\/www.soflinpharma.fi\/wp-content\/uploads\/2022\/09\/soflin_logo.png\",\"contentUrl\":\"https:\/\/www.soflinpharma.fi\/wp-content\/uploads\/2022\/09\/soflin_logo.png\",\"width\":600,\"height\":178,\"caption\":\"Soflin Pharma AB\"},\"image\":{\"@id\":\"https:\/\/www.soflinpharma.fi\/sv\/#\/schema\/logo\/image\/\"}}]}<\/script>\n<!-- \/ Yoast SEO plugin. -->","yoast_head_json":{"title":"OPTIMEGA-D - Soflin Pharma AB","description":"Har du en k\u00e4nsla av att \u00f6gonen k\u00e4nns torra och\/eller svider? OPTIMEGA-D \u00e4r nya generationen Omega-3 p\u00e5 Krillolja + D-vitamin.","robots":{"index":"index","follow":"follow","max-snippet":"max-snippet:-1","max-image-preview":"max-image-preview:large","max-video-preview":"max-video-preview:-1"},"canonical":"https:\/\/www.soflinpharma.fi\/sv\/produkt\/optimega-d\/","og_locale":"sv_SE","og_type":"article","og_title":"OPTIMEGA-D - Soflin Pharma AB","og_description":"Har du en k\u00e4nsla av att \u00f6gonen k\u00e4nns torra och\/eller svider? OPTIMEGA-D \u00e4r nya generationen Omega-3 p\u00e5 Krillolja + D-vitamin.","og_url":"https:\/\/www.soflinpharma.fi\/sv\/produkt\/optimega-d\/","og_site_name":"Soflin Pharma AB","article_modified_time":"2026-03-14T03:25:29+00:00","og_image":[{"width":800,"height":800,"url":"https:\/\/www.soflinpharma.fi\/wp-content\/uploads\/2022\/09\/Optimega-D_pills.jpeg","type":"image\/jpeg"}],"twitter_card":"summary_large_image","twitter_misc":{"Ber\u00e4knad l\u00e4stid":"4 minuter"},"schema":{"@context":"https:\/\/schema.org","@graph":[{"@type":"WebPage","@id":"https:\/\/www.soflinpharma.fi\/sv\/produkt\/optimega-d\/","url":"https:\/\/www.soflinpharma.fi\/sv\/produkt\/optimega-d\/","name":"OPTIMEGA-D - Soflin Pharma AB","isPartOf":{"@id":"https:\/\/www.soflinpharma.fi\/sv\/#website"},"datePublished":"2022-09-13T11:08:05+00:00","dateModified":"2026-03-14T03:25:29+00:00","description":"Har du en k\u00e4nsla av att \u00f6gonen k\u00e4nns torra och\/eller svider? OPTIMEGA-D \u00e4r nya generationen Omega-3 p\u00e5 Krillolja + D-vitamin.","breadcrumb":{"@id":"https:\/\/www.soflinpharma.fi\/sv\/produkt\/optimega-d\/#breadcrumb"},"inLanguage":"sv-SE","potentialAction":[{"@type":"ReadAction","target":["https:\/\/www.soflinpharma.fi\/sv\/produkt\/optimega-d\/"]}]},{"@type":"BreadcrumbList","@id":"https:\/\/www.soflinpharma.fi\/sv\/produkt\/optimega-d\/#breadcrumb","itemListElement":[{"@type":"ListItem","position":1,"name":"Hem","item":"https:\/\/www.soflinpharma.fi\/sv\/"},{"@type":"ListItem","position":2,"name":"Produkter","item":"https:\/\/www.soflinpharma.fi\/sv\/produkter\/"},{"@type":"ListItem","position":3,"name":"OPTIMEGA-D"}]},{"@type":"WebSite","@id":"https:\/\/www.soflinpharma.fi\/sv\/#website","url":"https:\/\/www.soflinpharma.fi\/sv\/","name":"Soflin Pharma AB","description":"","publisher":{"@id":"https:\/\/www.soflinpharma.fi\/sv\/#organization"},"potentialAction":[{"@type":"SearchAction","target":{"@type":"EntryPoint","urlTemplate":"https:\/\/www.soflinpharma.fi\/sv\/?s={search_term_string}"},"query-input":"required name=search_term_string"}],"inLanguage":"sv-SE"},{"@type":"Organization","@id":"https:\/\/www.soflinpharma.fi\/sv\/#organization","name":"Soflin Pharma AB","url":"https:\/\/www.soflinpharma.fi\/sv\/","logo":{"@type":"ImageObject","inLanguage":"sv-SE","@id":"https:\/\/www.soflinpharma.fi\/sv\/#\/schema\/logo\/image\/","url":"https:\/\/www.soflinpharma.fi\/wp-content\/uploads\/2022\/09\/soflin_logo.png","contentUrl":"https:\/\/www.soflinpharma.fi\/wp-content\/uploads\/2022\/09\/soflin_logo.png","width":600,"height":178,"caption":"Soflin Pharma AB"},"image":{"@id":"https:\/\/www.soflinpharma.fi\/sv\/#\/schema\/logo\/image\/"}}]}},"_links":{"self":[{"href":"https:\/\/www.soflinpharma.fi\/sv\/wp-json\/wp\/v2\/product\/725"}],"collection":[{"href":"https:\/\/www.soflinpharma.fi\/sv\/wp-json\/wp\/v2\/product"}],"about":[{"href":"https:\/\/www.soflinpharma.fi\/sv\/wp-json\/wp\/v2\/types\/product"}],"replies":[{"embeddable":true,"href":"https:\/\/www.soflinpharma.fi\/sv\/wp-json\/wp\/v2\/comments?post=725"}],"wp:featuredmedia":[{"embeddable":true,"href":"https:\/\/www.soflinpharma.fi\/sv\/wp-json\/wp\/v2\/media\/573"}],"wp:attachment":[{"href":"https:\/\/www.soflinpharma.fi\/sv\/wp-json\/wp\/v2\/media?parent=725"}],"wp:term":[{"taxonomy":"product_cat","embeddable":true,"href":"https:\/\/www.soflinpharma.fi\/sv\/wp-json\/wp\/v2\/product_cat?post=725"},{"taxonomy":"product_tag","embeddable":true,"href":"https:\/\/www.soflinpharma.fi\/sv\/wp-json\/wp\/v2\/product_tag?post=725"}],"curies":[{"name":"wp","href":"https:\/\/api.w.org\/{rel}","templated":true}]}}