{"id":666,"date":"2022-09-14T16:38:10","date_gmt":"2022-09-14T14:38:10","guid":{"rendered":"https:\/\/www.soflinpharma.fi\/?post_type=product&#038;p=666"},"modified":"2026-03-14T04:31:13","modified_gmt":"2026-03-14T03:31:13","slug":"optivital","status":"publish","type":"product","link":"https:\/\/www.soflinpharma.fi\/sv\/produkt\/optivital\/","title":{"rendered":"OPTIVITAL"},"content":{"rendered":"<p>[et_pb_section fb_built=&#8221;1&#8243; _builder_version=&#8221;4.16&#8243; custom_padding=&#8221;0px||||false|false&#8221; global_colors_info=&#8221;{}&#8221;][et_pb_row _builder_version=&#8221;4.16&#8243; background_size=&#8221;initial&#8221; background_position=&#8221;top_left&#8221; background_repeat=&#8221;repeat&#8221; width=&#8221;100%&#8221; custom_padding=&#8221;0px||0px||false|false&#8221; global_colors_info=&#8221;{}&#8221;][et_pb_column type=&#8221;4_4&#8243; _builder_version=&#8221;4.16&#8243; custom_padding=&#8221;|||&#8221; global_colors_info=&#8221;{}&#8221; custom_padding__hover=&#8221;|||&#8221;][et_pb_wc_breadcrumb _builder_version=&#8221;4.16&#8243; global_colors_info=&#8221;{}&#8221;][\/et_pb_wc_breadcrumb][et_pb_wc_cart_notice _builder_version=&#8221;4.18.0&#8243; global_colors_info=&#8221;{}&#8221;][\/et_pb_wc_cart_notice][\/et_pb_column][\/et_pb_row][et_pb_row column_structure=&#8221;1_2,1_2&#8243; _builder_version=&#8221;4.16&#8243; background_size=&#8221;initial&#8221; background_position=&#8221;top_left&#8221; background_repeat=&#8221;repeat&#8221; width=&#8221;100%&#8221; custom_padding=&#8221;0px||||false|false&#8221; global_colors_info=&#8221;{}&#8221;][et_pb_column type=&#8221;1_2&#8243; _builder_version=&#8221;4.16&#8243; custom_padding=&#8221;|||&#8221; global_colors_info=&#8221;{}&#8221; custom_padding__hover=&#8221;|||&#8221;][et_pb_wc_images _builder_version=&#8221;4.16&#8243; global_colors_info=&#8221;{}&#8221;][\/et_pb_wc_images][\/et_pb_column][et_pb_column type=&#8221;1_2&#8243; _builder_version=&#8221;4.16&#8243; custom_padding=&#8221;|||&#8221; global_colors_info=&#8221;{}&#8221; custom_padding__hover=&#8221;|||&#8221;][et_pb_wc_title _builder_version=&#8221;4.16&#8243; global_colors_info=&#8221;{}&#8221;][\/et_pb_wc_title][et_pb_wc_rating _builder_version=&#8221;4.16&#8243; global_colors_info=&#8221;{}&#8221;][\/et_pb_wc_rating][et_pb_wc_price _builder_version=&#8221;4.16&#8243; global_colors_info=&#8221;{}&#8221;][\/et_pb_wc_price][et_pb_wc_description _builder_version=&#8221;4.16&#8243; global_colors_info=&#8221;{}&#8221;][\/et_pb_wc_description][et_pb_wc_add_to_cart _builder_version=&#8221;4.18.0&#8243; global_colors_info=&#8221;{}&#8221;][\/et_pb_wc_add_to_cart][et_pb_wc_meta _builder_version=&#8221;4.16&#8243; global_colors_info=&#8221;{}&#8221;][\/et_pb_wc_meta][\/et_pb_column][\/et_pb_row][et_pb_row _builder_version=&#8221;4.18.0&#8243; _module_preset=&#8221;default&#8221; global_colors_info=&#8221;{}&#8221;][et_pb_column type=&#8221;4_4&#8243; _builder_version=&#8221;4.18.0&#8243; _module_preset=&#8221;default&#8221; global_colors_info=&#8221;{}&#8221;][et_pb_text _builder_version=&#8221;4.18.0&#8243; _module_preset=&#8221;default&#8221; text_font=&#8221;Montserrat|500|||||||&#8221; text_font_size=&#8221;24px&#8221; text_letter_spacing=&#8221;1px&#8221; text_line_height=&#8221;1.3em&#8221; global_colors_info=&#8221;{}&#8221;]<\/p>\n<p>Nya generationen Omega-3. Krillolja + D-vitamin.<br \/>Den f\u00f6rsta krilloljan i Sverige i kombination med D-vitamin.<\/p>\n<p>F\u00f6r dig som anv\u00e4nder t\u00e5rsubstitut flera ggr\/dag, kan Optimega-D med endast 1-2 kapslar\/dag vara ett alternativ.<\/p>\n<p>[\/et_pb_text][et_pb_text _builder_version=&#8221;4.18.0&#8243; _module_preset=&#8221;default&#8221; text_font=&#8221;Open Sans||||||||&#8221; text_font_size=&#8221;17px&#8221; global_colors_info=&#8221;{}&#8221;]<\/p>\n<p><strong>Har du en k\u00e4nsla av att \u00f6gonen k\u00e4nns torra och\/eller svider?<\/strong><\/p>\n<p>Om \u00f6gonen k\u00e4nns grusiga och \u00e4ven en upplevelse av sveda, s\u00e5 kan det bero p\u00e5 att t\u00e5rfilmen inte f\u00e4ster (\u201c\u00f6gonen rinner\u201d) eller har en defekt sammans\u00e4ttning. F\u00f6r detta finns det konstgjorda t\u00e5rar, sk. t\u00e5rsubstitut\/\u00f6gondroppar som droppas i \u00f6gonen flera g\u00e5nger\/dag beroende p\u00e5 besv\u00e4r. Problemet kan ocks\u00e5 ligga i t\u00e5rk\u00f6rtlarna och d\u00e4r hj\u00e4lper inga \u00f6gondroppar.<\/p>\n<p>Omega-3 har i studier \u00e4ven visat en antiinflammatorisk effekt, och kan stimulera t\u00e5rk\u00f6rtlar att \u00e5ter b\u00f6rja producera fett, vilket \u00e4r positivt f\u00f6r de som har en k\u00e4nsla av torra \u00f6gon. Omega-3 fr\u00e5n krill har i publicerad studie i amerikanska \u00f6gonl\u00e4karf\u00f6rbundets tidning Ophthalmology (2016) visats vara effektivare \u00e4n Omega-3 fr\u00e5n fisk vid \u00f6gon som k\u00e4nns torra. Omega-3 fr\u00e5n krill har naturligt inneh\u00e5ll av antioxidanten Astaxantin, som skyddar oljan mot h\u00e4rskning och dessutom har en antioxiderande effekt som \u00e4r 47 g\u00e5nger st\u00f6rre \u00e4n vanlig fiskolja.<\/p>\n<p>Livsmedelsverket rekommenderar att \u00e4ta fisk 2-3 ggr\/vecka. I Sverige \u00e4ter vi ca. h\u00e4lften av detta (enl. V\u00e4rldsnaturfonden). D\u00e5 kan det vara bra att komplettera med ett kosttillskott med Omega-3 och d\u00e5 g\u00e4rna inkluderande D-vitamin vilket m\u00e5nga har brist p\u00e5 under den solfattiga delen av \u00e5ret.<\/p>\n<p>Det unika med Optimega-D \u00e4r att Omega-3 fettsyrorna kommer fr\u00e5n krill, samt att Optimega-D \u00e4r tillsatt med D-vitamin. En stor f\u00f6rdel med Omega-3 fettsyror i krillolja \u00e4r att det \u00e4r bundet till fosfolipider. F\u00f6rdelen \u00e4r att dessa Omega-3 fosfolipider \u00e4r vattenl\u00f6sliga s\u00e5 att de upptas direkt fr\u00e5n tarmen. Studier har indikerat att upptaget \u00e4r upp till 50% h\u00f6gre \u00e4n f\u00f6r vanlig Omega-3 fiskolja som \u00e4r bundet till triglycerider.<\/p>\n<p>Omega-3 inneh\u00e5ller EPA och DHA som bidrar till hj\u00e4rtats normala funktion. Denna positiva effekt uppn\u00e5s vid dagligt intag av 250 mg DHA\/EPA. Omega-3 fettsyror \u00e4r n\u00e4rings\u00e4mnen som tillf\u00f6r n\u00e4ring till cellerna i n\u00e4thinnan (fotoreceptorerna). Dessa fettsyror, DHA\/EPA, finns i h\u00f6ga koncentrationer b\u00e5de i stavar och tappar. Stavar kallas de synceller som finns utanf\u00f6r gula fl\u00e4cken och de \u00e4r mest ljusk\u00e4nsliga och anv\u00e4nds i m\u00f6rker. Tappar kallas de synceller som finns i gula fl\u00e4cken och de g\u00f6r s\u00e5 att vi ser skarpt och de \u00e4r mest f\u00e4rgk\u00e4nsliga. Optimega-D inneh\u00e5ller h\u00f6ga halter av de viktiga fettsyrorna EPA och DHA. Speciellt DHA \u00e4r viktig f\u00f6r retinas (n\u00e4thinnans) funktion. DHA bibeh\u00e5ller \u00e4ven hj\u00e4rnans funktion.<\/p>\n<p><strong>D-vitamin<\/strong><\/p>\n<ul>\n<li>Bygger tillsammans med kalcium, magnesium och fosfor en stark benstomme<\/li>\n<li>Bidrar till att bibeh\u00e5lla normal muskelfunktion<\/li>\n<li>Bidrar till immunsystemets normala funktion<\/li>\n<li>Bidrar till normal tillv\u00e4xt och utvecklingen av ben hos barn<\/li>\n<\/ul>\n<p>Brist p\u00e5 D-vitamin i norden \u00e4r som st\u00f6rst under sen h\u00f6st och vintertid och \u00e4ven under de solsvaga v\u00e5r-vinterm\u00e5naderna. \u00c4ven de som sitter inomhus ofta eller har t\u00e4ckande kl\u00e4dsel riskerar att f\u00e5 f\u00f6r lite D-vitamin via solljus. \u00d6ver 75 \u00e5rs \u00e5lder blir huden tunnare och d\u00e5 minskar f\u00f6rm\u00e5gan att kunna bilda D-vitamin i kroppen med 75%. Har man dessutom solskyddskr\u00e4m (vilket \u00e4r viktigt) s\u00e5 minskas bildandet av D-vitamin \u00e4n mer.<\/p>\n<p>Enl. EFSA (Europeiska livsmedelsmyndigheten) b\u00f6r inte vuxna inta mer \u00e4n 100 mcg D-vitamin\/dag.<\/p>\n<p>Dosering Optimega-D: 1-2 kapslar\/dag eller efter l\u00e4kares ordination. Ingen eftersmak av fisk. En ask inneh\u00e5ller 60 l\u00e4ttsvalda kapslar. 1 kapsel inneh\u00e5ller 500 mg krillolja + 20 mikrogram (800 IE) D3-vitamin.<\/p>\n<p>Skaldjursallergiker eller de som f\u00e5r blodf\u00f6rtunnande medicin b\u00f6r r\u00e5dfr\u00e5ga sin l\u00e4kare f\u00f6re intag av Optimega-D. Detsamma g\u00e4ller gravida och ammande.<\/p>\n<p>Krilloljan i Optimega-D \u00e4r kallpressad olja fr\u00e5n 100% antarktisk krill, som \u00e4r sm\u00e5 r\u00e4kliknande kr\u00e4ftdjur som finns i norra ishavet. Krill \u00e4r inte belastad med f\u00f6roreningar som andra havsdjur h\u00f6gre upp i n\u00e4ringskedjan. F\u00e5ngst av krill utg\u00f6r mindre \u00e4n 0,1% av den totala m\u00e4ngden krill i havet.<\/p>\n<p>Krilloljan i Optimega-D \u00e4r certifierad f\u00f6r milj\u00f6v\u00e4nligt krillfiske av den oberoende organisationen Friend of the Sea. Friend of the Sea granskar fiskefartyg och s\u00e4kerst\u00e4ller att internationella riktlinjerna respekteras. Krilloljan \u00e4r framst\u00e4lld av Aker Biomarine.<\/p>\n<p>Optimega-D skall ses som ett tillskott till vardagliga kosten och b\u00f6r inte ers\u00e4tta en varierad kost.<\/p>\n<p>[\/et_pb_text][et_pb_divider color=&#8221;#0C71C3&#8243; divider_weight=&#8221;3px&#8221; _builder_version=&#8221;4.18.0&#8243; _module_preset=&#8221;default&#8221; global_colors_info=&#8221;{}&#8221;][\/et_pb_divider][\/et_pb_column][\/et_pb_row][et_pb_row _builder_version=&#8221;4.16&#8243; background_size=&#8221;initial&#8221; background_position=&#8221;top_left&#8221; background_repeat=&#8221;repeat&#8221; width=&#8221;100%&#8221; global_colors_info=&#8221;{}&#8221;][et_pb_column type=&#8221;4_4&#8243; _builder_version=&#8221;4.16&#8243; custom_padding=&#8221;|||&#8221; global_colors_info=&#8221;{}&#8221; custom_padding__hover=&#8221;|||&#8221;][et_pb_wc_related_products _builder_version=&#8221;4.16&#8243; global_colors_info=&#8221;{}&#8221;][\/et_pb_wc_related_products][\/et_pb_column][\/et_pb_row][\/et_pb_section]<\/p>\n","protected":false},"excerpt":{"rendered":"<p><span style=\"font-weight: 400\"><strong>Vetenskapligt bevisad effekt.<\/strong> Bygger p\u00e5 v\u00e4rldens st\u00f6rsta \u00f6gonstudier p\u00e5 \u00e5ldrande gula fl\u00e4cken. Fraktfri leverans hem i brevl\u00e5dan. Inget abonnemangstv\u00e5ng. OPTIVITAL inneh\u00e5ller inga f\u00e4rg\u00e4mnen eller konserveringsmedel.<\/span><\/p>\n<p>Med tanke p\u00e5 den \u00f6gonkunskap som finns p\u00e5 Soflin Pharma, kan du som kund alltid ringa och st\u00e4lla fr\u00e5gor vad g\u00e4ller dina \u00f6gonproblem. Kommunikation endast p\u00e5 svenska eller engelska.<\/p>\n<p><span style=\"font-weight: 400\">N\u00e4r man blir \u00e4ldre, eller vid tr\u00f6tthet, stress etc. s\u00e5 kan man beh\u00f6va ett tillskott av n\u00f6dv\u00e4ndiga vitaminer och mineraler. Med \u00e5ldern kan \u00e4ven \u00f6gat beh\u00f6va tillskott av n\u00e4rings\u00e4mnen som \u00e4r viktiga f\u00f6r \u00f6gats funktion. OPTIVITAL \u00f6gonvitamin \u00e4r ett kosttillskott, speciellt sammansatt enligt vetenskapliga studier f\u00f6r \u00f6gat och n\u00e4thinnan med gula fl\u00e4cken (makula). Det \u00e4r i gula fl\u00e4cken som man har det skarpaste seendet och b\u00e4sta synsk\u00e4rpan, som kr\u00e4vs f\u00f6r t ex bilk\u00f6rning och l\u00e4sning. <\/span><\/p>\n<p><span style=\"font-weight: 400\"><strong>AREDS-studierna (Age Related Eye disease study) AREDS och AREDS2 \u00e4r v\u00e4rldens st\u00f6rsta studier p\u00e5 den \u00e5ldrande gula fl\u00e4cken. Sammantaget har ca. 8 000 patienter deltagit i dessa studier under 10 \u00e5r.<\/strong> AREDS-studierna visade att man beh\u00f6vde inta h\u00f6gre doser av vissa vitaminer och mineraler \u00e4n det dagliga referensintaget f\u00f6r att f\u00e5 effekt p\u00e5 gula fl\u00e4cken. En del \u00e4mnen, t ex lutein, m\u00e5ste man tillf\u00f6ra kroppen. I senaste AREDS-studien, AREDS2, publicerad maj 2013, som OPTIVITAL bygger p\u00e5, tillsatte man bl a lutein och zeaxantin, som tillh\u00f6r gruppen karotenoider. Dessa skyddar gula fl\u00e4cken mot UV-ljus och oxidativa reaktioner. Vitamin C och E, koppar och zink skyddar cellerna mot oxidativ stress. Zink bidrar \u00e4ven till att bibeh\u00e5lla normal synf\u00f6rm\u00e5ga. <\/span><\/p>\n<p><span style=\"font-weight: 400\">AREDS-studierna genomf\u00f6rdes av Amerikanska National Eye Institute, som satsar mest pengar i v\u00e4rlden p\u00e5 forskning kring \u00f6gat och dess sjukdomar. Den lyder under v\u00e4rldens st\u00f6rsta statliga forskningsfinansi\u00e4r som \u00e4r National Institutes of Health (NIH), vilken i sin tur lyder under den amerikanska federala regeringens departement f\u00f6r h\u00e4lsov\u00e5rd och omsorg. <\/span><\/p>\n<p><span style=\"font-weight: 400\">I senaste studien registrerades inga biverkningar. Det finns heller inga k\u00e4nda interaktioner med l\u00e4kemedel. Idag rekommenderas OPTIVITAL av m\u00e5nga \u00f6gonkliniker i Sverige pga att inneh\u00e5llet i OPTIVITAL \u00e4r vetenskapligt bepr\u00f6vat. AREDS-studien \u00e4r publicerad i alla vetenskapliga \u00f6gonl\u00e4kartidskrifter, bl a Jama Ophthalmology, Svenska L\u00e4kartidningen och Acta Ophthalmologica (Skandinaviens st\u00f6rsta \u00f6gonl\u00e4kartidskrift) d\u00e4r 3 svenska professorer fr\u00e5n Sveriges mest erk\u00e4nda \u00f6gonsjukhus, S:t Erik i Stockholm betonar vikten av att f\u00f6lja denna studie. <\/span><\/p>\n<p><span style=\"font-weight: 400\"><a href=\"https:\/\/www.soflinpharma.fi\/wp-content\/uploads\/2022\/09\/artikel_gula_flacken.pdf\" target=\"_blank\" rel=\"noopener\">Artikel med Professor Peep Algvere, tidigare verksam vid S:t Eriks \u00f6gonsjukhus<\/a>. <\/span><\/p>\n<p><span style=\"font-weight: 400\">En ask med 60 tabletter r\u00e4cker en m\u00e5nad, enligt behandlingsrekommendationen.<\/span><\/p>\n<p><span style=\"font-weight: 400\">OPTIVITAL inneh\u00e5ller ej f\u00e4rg\u00e4mnen eller konserveringsmedel.<\/span><\/p>\n","protected":false},"featured_media":568,"comment_status":"open","ping_status":"closed","template":"","meta":{"_et_pb_use_builder":"on","_et_pb_old_content":"<h2>N\u00e4r du k\u00f6per en OPTIVITAL-produkt kan du vara s\u00e4ker p\u00e5 produktens effektivitet.<\/h2>\r\nP\u00e5 hemsidan NETTITERVEYS.FI finns en artikel med gulapricken.\r\n\r\n<a href=\"https:\/\/www.nettiterveys.fi\/sairaudet\/testaa-onko-sinulla-keltat%c3%a4pl%c3%a4%c3%a4n-liittyvi%c3%a4-n%c3%a4k%c3%b6ongelmia\/\" target=\"_blank\" rel=\"noopener\">Klicka h\u00e4r f\u00f6r att g\u00e5 till artikeln.<\/a>\r\n<h2>Inneh\u00e5llet i OPTIVITAL-preparatet<\/h2>\r\n<strong>Vitamin C, vitamin E, koppar och zink<\/strong>: Skydda celler fr\u00e5n oxidativ stress. Zink hj\u00e4lper ocks\u00e5 till att uppr\u00e4tth\u00e5lla normal syn.\r\n<strong>Lutein och zeaxantin<\/strong> (tillh\u00f6r gruppen karotenoider): Skydda gula fl\u00e4cken fr\u00e5n UV-ljus och oxidativa reaktioner. Den tredje karotenoiden, mesozeaxanthin, f\u00f6rekommer naturligt i lutein.\r\n<table width=\"100%\">\r\n<thead>\r\n<tr>\r\n<td><strong>Inneh\u00e5ll<\/strong><\/td>\r\n<td><strong>1 tablett<\/strong><\/td>\r\n<td><strong>% DRI<\/strong><\/td>\r\n<td><strong>2 tabletter<\/strong><\/td>\r\n<td><strong>% DRI<\/strong><\/td>\r\n<\/tr>\r\n<\/thead>\r\n<tbody>\r\n<tr>\r\n<td><strong>C-vitamin<\/strong><\/td>\r\n<td>250 mg<\/td>\r\n<td>312<\/td>\r\n<td>500 mg<\/td>\r\n<td>624<\/td>\r\n<\/tr>\r\n<tr>\r\n<td><strong>Vitamin E<\/strong><\/td>\r\n<td>134 mg<\/td>\r\n<td>1116<\/td>\r\n<td>268 mg<\/td>\r\n<td>2232<\/td>\r\n<\/tr>\r\n<tr>\r\n<td><strong>Koppar<\/strong><\/td>\r\n<td>1 mg<\/td>\r\n<td>100<\/td>\r\n<td>2 mg<\/td>\r\n<td>200<\/td>\r\n<\/tr>\r\n<tr>\r\n<td><strong>Zink<\/strong><\/td>\r\n<td>12,5 mg<\/td>\r\n<td>125<\/td>\r\n<td>25 mg<\/td>\r\n<td>250<\/td>\r\n<\/tr>\r\n<tr>\r\n<td><strong>Lutein<\/strong><\/td>\r\n<td>5 mg<\/td>\r\n<td>*<\/td>\r\n<td>10 mg<\/td>\r\n<td>*<\/td>\r\n<\/tr>\r\n<tr>\r\n<td><strong>Zeaxanthin<\/strong><\/td>\r\n<td>1 mg<\/td>\r\n<td>*<\/td>\r\n<td>2 mg<\/td>\r\n<td>*<\/td>\r\n<\/tr>\r\n<\/tbody>\r\n<\/table>\r\nDRI = dagligt intagsrekommendation. DRI betyder den dagliga m\u00e4ngd som f\u00f6rebygger bristsjukdomar.\r\n\r\n* = DRI ej fastst\u00e4llt.\r\n\r\nVitamin- och mineralkoncentrationerna \u00f6verstiger inte det h\u00f6gsta rekommenderade dagliga intaget som fastst\u00e4llts av Europeiska myndigheten f\u00f6r livsmedelss\u00e4kerhet (EFSA).\r\n\r\nOPTIVITAL tabletter \u00e4r l\u00e4tta att dela eller krossa.\r\n\r\nDosering:\r\nOPTIVITAL tas 2 g\u00e5nger om dagen med en m\u00e5ltid (frukost och lunch). N\u00e4ringstillskottet absorberas b\u00e4ttre n\u00e4r det tas med mat. N\u00e4r n\u00e4ringstillskottet tas tv\u00e5 g\u00e5nger om dagen f\u00f6rblir n\u00e4thinnan skyddad hela dagen. Studierna gjordes ocks\u00e5 med tv\u00e5 separata doser.\r\n\r\nDen rekommenderade dagliga dosen f\u00e5r inte \u00f6verskridas.\r\nN\u00e4ringstillskottet ska inte anv\u00e4ndas som ers\u00e4ttning f\u00f6r en varierad kost. F\u00f6rvara utom r\u00e4ckh\u00e5ll f\u00f6r barn.\r\nF\u00f6rvara p\u00e5 en torr plats i rumstemperatur.","_et_gb_content_width":""},"product_cat":[43],"product_tag":[],"shsp-ext":{"main":{},"variations":[]},"yoast_head":"<!-- This site is optimized with the Yoast SEO plugin v21.1 - https:\/\/yoast.com\/wordpress\/plugins\/seo\/ -->\n<title>OPTIVITAL - Soflin Pharma AB<\/title>\n<meta name=\"description\" content=\"Vetenskapligt bevisad effekt. Bygger p\u00e5 v\u00e4rldens st\u00f6rsta \u00f6gonstudier p\u00e5 \u00e5ldrande gula fl\u00e4cken. OPTIVITAL inneh\u00e5ller inga f\u00e4rg\u00e4mnen eller konserveringsmedel.\" \/>\n<meta name=\"robots\" content=\"index, follow, max-snippet:-1, max-image-preview:large, max-video-preview:-1\" \/>\n<link rel=\"canonical\" href=\"https:\/\/www.soflinpharma.fi\/sv\/produkt\/optivital\/\" \/>\n<meta property=\"og:locale\" content=\"sv_SE\" \/>\n<meta property=\"og:type\" content=\"article\" \/>\n<meta property=\"og:title\" content=\"OPTIVITAL - Soflin Pharma AB\" \/>\n<meta property=\"og:description\" content=\"Vetenskapligt bevisad effekt. Bygger p\u00e5 v\u00e4rldens st\u00f6rsta \u00f6gonstudier p\u00e5 \u00e5ldrande gula fl\u00e4cken. OPTIVITAL inneh\u00e5ller inga f\u00e4rg\u00e4mnen eller konserveringsmedel.\" \/>\n<meta property=\"og:url\" content=\"https:\/\/www.soflinpharma.fi\/sv\/produkt\/optivital\/\" \/>\n<meta property=\"og:site_name\" content=\"Soflin Pharma AB\" \/>\n<meta property=\"article:modified_time\" content=\"2026-03-14T03:31:13+00:00\" \/>\n<meta property=\"og:image\" content=\"https:\/\/www.soflinpharma.fi\/wp-content\/uploads\/2022\/09\/optivital_fi.jpeg\" \/>\n\t<meta property=\"og:image:width\" content=\"2000\" \/>\n\t<meta property=\"og:image:height\" content=\"2000\" \/>\n\t<meta property=\"og:image:type\" content=\"image\/jpeg\" \/>\n<meta name=\"twitter:card\" content=\"summary_large_image\" \/>\n<meta name=\"twitter:label1\" content=\"Ber\u00e4knad l\u00e4stid\" \/>\n\t<meta name=\"twitter:data1\" content=\"4 minuter\" \/>\n<script type=\"application\/ld+json\" class=\"yoast-schema-graph\">{\"@context\":\"https:\/\/schema.org\",\"@graph\":[{\"@type\":\"WebPage\",\"@id\":\"https:\/\/www.soflinpharma.fi\/sv\/produkt\/optivital\/\",\"url\":\"https:\/\/www.soflinpharma.fi\/sv\/produkt\/optivital\/\",\"name\":\"OPTIVITAL - Soflin Pharma AB\",\"isPartOf\":{\"@id\":\"https:\/\/www.soflinpharma.fi\/sv\/#website\"},\"datePublished\":\"2022-09-14T14:38:10+00:00\",\"dateModified\":\"2026-03-14T03:31:13+00:00\",\"description\":\"Vetenskapligt bevisad effekt. Bygger p\u00e5 v\u00e4rldens st\u00f6rsta \u00f6gonstudier p\u00e5 \u00e5ldrande gula fl\u00e4cken. OPTIVITAL inneh\u00e5ller inga f\u00e4rg\u00e4mnen eller konserveringsmedel.\",\"breadcrumb\":{\"@id\":\"https:\/\/www.soflinpharma.fi\/sv\/produkt\/optivital\/#breadcrumb\"},\"inLanguage\":\"sv-SE\",\"potentialAction\":[{\"@type\":\"ReadAction\",\"target\":[\"https:\/\/www.soflinpharma.fi\/sv\/produkt\/optivital\/\"]}]},{\"@type\":\"BreadcrumbList\",\"@id\":\"https:\/\/www.soflinpharma.fi\/sv\/produkt\/optivital\/#breadcrumb\",\"itemListElement\":[{\"@type\":\"ListItem\",\"position\":1,\"name\":\"Hem\",\"item\":\"https:\/\/www.soflinpharma.fi\/sv\/\"},{\"@type\":\"ListItem\",\"position\":2,\"name\":\"Produkter\",\"item\":\"https:\/\/www.soflinpharma.fi\/sv\/produkter\/\"},{\"@type\":\"ListItem\",\"position\":3,\"name\":\"OPTIVITAL\"}]},{\"@type\":\"WebSite\",\"@id\":\"https:\/\/www.soflinpharma.fi\/sv\/#website\",\"url\":\"https:\/\/www.soflinpharma.fi\/sv\/\",\"name\":\"Soflin Pharma AB\",\"description\":\"\",\"publisher\":{\"@id\":\"https:\/\/www.soflinpharma.fi\/sv\/#organization\"},\"potentialAction\":[{\"@type\":\"SearchAction\",\"target\":{\"@type\":\"EntryPoint\",\"urlTemplate\":\"https:\/\/www.soflinpharma.fi\/sv\/?s={search_term_string}\"},\"query-input\":\"required name=search_term_string\"}],\"inLanguage\":\"sv-SE\"},{\"@type\":\"Organization\",\"@id\":\"https:\/\/www.soflinpharma.fi\/sv\/#organization\",\"name\":\"Soflin Pharma AB\",\"url\":\"https:\/\/www.soflinpharma.fi\/sv\/\",\"logo\":{\"@type\":\"ImageObject\",\"inLanguage\":\"sv-SE\",\"@id\":\"https:\/\/www.soflinpharma.fi\/sv\/#\/schema\/logo\/image\/\",\"url\":\"https:\/\/www.soflinpharma.fi\/wp-content\/uploads\/2022\/09\/soflin_logo.png\",\"contentUrl\":\"https:\/\/www.soflinpharma.fi\/wp-content\/uploads\/2022\/09\/soflin_logo.png\",\"width\":600,\"height\":178,\"caption\":\"Soflin Pharma AB\"},\"image\":{\"@id\":\"https:\/\/www.soflinpharma.fi\/sv\/#\/schema\/logo\/image\/\"}}]}<\/script>\n<!-- \/ Yoast SEO plugin. -->","yoast_head_json":{"title":"OPTIVITAL - Soflin Pharma AB","description":"Vetenskapligt bevisad effekt. Bygger p\u00e5 v\u00e4rldens st\u00f6rsta \u00f6gonstudier p\u00e5 \u00e5ldrande gula fl\u00e4cken. OPTIVITAL inneh\u00e5ller inga f\u00e4rg\u00e4mnen eller konserveringsmedel.","robots":{"index":"index","follow":"follow","max-snippet":"max-snippet:-1","max-image-preview":"max-image-preview:large","max-video-preview":"max-video-preview:-1"},"canonical":"https:\/\/www.soflinpharma.fi\/sv\/produkt\/optivital\/","og_locale":"sv_SE","og_type":"article","og_title":"OPTIVITAL - Soflin Pharma AB","og_description":"Vetenskapligt bevisad effekt. Bygger p\u00e5 v\u00e4rldens st\u00f6rsta \u00f6gonstudier p\u00e5 \u00e5ldrande gula fl\u00e4cken. OPTIVITAL inneh\u00e5ller inga f\u00e4rg\u00e4mnen eller konserveringsmedel.","og_url":"https:\/\/www.soflinpharma.fi\/sv\/produkt\/optivital\/","og_site_name":"Soflin Pharma AB","article_modified_time":"2026-03-14T03:31:13+00:00","og_image":[{"width":2000,"height":2000,"url":"https:\/\/www.soflinpharma.fi\/wp-content\/uploads\/2022\/09\/optivital_fi.jpeg","type":"image\/jpeg"}],"twitter_card":"summary_large_image","twitter_misc":{"Ber\u00e4knad l\u00e4stid":"4 minuter"},"schema":{"@context":"https:\/\/schema.org","@graph":[{"@type":"WebPage","@id":"https:\/\/www.soflinpharma.fi\/sv\/produkt\/optivital\/","url":"https:\/\/www.soflinpharma.fi\/sv\/produkt\/optivital\/","name":"OPTIVITAL - Soflin Pharma AB","isPartOf":{"@id":"https:\/\/www.soflinpharma.fi\/sv\/#website"},"datePublished":"2022-09-14T14:38:10+00:00","dateModified":"2026-03-14T03:31:13+00:00","description":"Vetenskapligt bevisad effekt. Bygger p\u00e5 v\u00e4rldens st\u00f6rsta \u00f6gonstudier p\u00e5 \u00e5ldrande gula fl\u00e4cken. OPTIVITAL inneh\u00e5ller inga f\u00e4rg\u00e4mnen eller konserveringsmedel.","breadcrumb":{"@id":"https:\/\/www.soflinpharma.fi\/sv\/produkt\/optivital\/#breadcrumb"},"inLanguage":"sv-SE","potentialAction":[{"@type":"ReadAction","target":["https:\/\/www.soflinpharma.fi\/sv\/produkt\/optivital\/"]}]},{"@type":"BreadcrumbList","@id":"https:\/\/www.soflinpharma.fi\/sv\/produkt\/optivital\/#breadcrumb","itemListElement":[{"@type":"ListItem","position":1,"name":"Hem","item":"https:\/\/www.soflinpharma.fi\/sv\/"},{"@type":"ListItem","position":2,"name":"Produkter","item":"https:\/\/www.soflinpharma.fi\/sv\/produkter\/"},{"@type":"ListItem","position":3,"name":"OPTIVITAL"}]},{"@type":"WebSite","@id":"https:\/\/www.soflinpharma.fi\/sv\/#website","url":"https:\/\/www.soflinpharma.fi\/sv\/","name":"Soflin Pharma AB","description":"","publisher":{"@id":"https:\/\/www.soflinpharma.fi\/sv\/#organization"},"potentialAction":[{"@type":"SearchAction","target":{"@type":"EntryPoint","urlTemplate":"https:\/\/www.soflinpharma.fi\/sv\/?s={search_term_string}"},"query-input":"required name=search_term_string"}],"inLanguage":"sv-SE"},{"@type":"Organization","@id":"https:\/\/www.soflinpharma.fi\/sv\/#organization","name":"Soflin Pharma AB","url":"https:\/\/www.soflinpharma.fi\/sv\/","logo":{"@type":"ImageObject","inLanguage":"sv-SE","@id":"https:\/\/www.soflinpharma.fi\/sv\/#\/schema\/logo\/image\/","url":"https:\/\/www.soflinpharma.fi\/wp-content\/uploads\/2022\/09\/soflin_logo.png","contentUrl":"https:\/\/www.soflinpharma.fi\/wp-content\/uploads\/2022\/09\/soflin_logo.png","width":600,"height":178,"caption":"Soflin Pharma AB"},"image":{"@id":"https:\/\/www.soflinpharma.fi\/sv\/#\/schema\/logo\/image\/"}}]}},"_links":{"self":[{"href":"https:\/\/www.soflinpharma.fi\/sv\/wp-json\/wp\/v2\/product\/666"}],"collection":[{"href":"https:\/\/www.soflinpharma.fi\/sv\/wp-json\/wp\/v2\/product"}],"about":[{"href":"https:\/\/www.soflinpharma.fi\/sv\/wp-json\/wp\/v2\/types\/product"}],"replies":[{"embeddable":true,"href":"https:\/\/www.soflinpharma.fi\/sv\/wp-json\/wp\/v2\/comments?post=666"}],"wp:featuredmedia":[{"embeddable":true,"href":"https:\/\/www.soflinpharma.fi\/sv\/wp-json\/wp\/v2\/media\/568"}],"wp:attachment":[{"href":"https:\/\/www.soflinpharma.fi\/sv\/wp-json\/wp\/v2\/media?parent=666"}],"wp:term":[{"taxonomy":"product_cat","embeddable":true,"href":"https:\/\/www.soflinpharma.fi\/sv\/wp-json\/wp\/v2\/product_cat?post=666"},{"taxonomy":"product_tag","embeddable":true,"href":"https:\/\/www.soflinpharma.fi\/sv\/wp-json\/wp\/v2\/product_tag?post=666"}],"curies":[{"name":"wp","href":"https:\/\/api.w.org\/{rel}","templated":true}]}}