{"id":635,"date":"2022-09-12T14:21:22","date_gmt":"2022-09-12T12:21:22","guid":{"rendered":"https:\/\/www.soflinpharma.fi\/gula-flacken-ogonhalsoundersokning\/"},"modified":"2024-02-15T09:59:22","modified_gmt":"2024-02-15T08:59:22","slug":"gula-flacken-ogonhalsoundersokning","status":"publish","type":"page","link":"https:\/\/www.soflinpharma.fi\/sv\/gula-flacken-ogonhalsoundersokning\/","title":{"rendered":"Gula fl\u00e4cken &amp; \u00f6gonh\u00e4lsounders\u00f6kning"},"content":{"rendered":"<p>[et_pb_section fb_built=&#8221;1&#8243; _builder_version=&#8221;4.18.0&#8243; _module_preset=&#8221;default&#8221; global_colors_info=&#8221;{}&#8221;][et_pb_row column_structure=&#8221;1_2,1_2&#8243; _builder_version=&#8221;4.18.0&#8243; _module_preset=&#8221;default&#8221; global_colors_info=&#8221;{}&#8221;][et_pb_column type=&#8221;1_2&#8243; _builder_version=&#8221;4.18.0&#8243; _module_preset=&#8221;default&#8221; global_colors_info=&#8221;{}&#8221;][et_pb_text _builder_version=&#8221;4.18.0&#8243; _module_preset=&#8221;default&#8221; global_colors_info=&#8221;{}&#8221;]<\/p>\n<h2>Gula fl\u00e4cken<\/h2>\n<p>P\u00e5 n\u00e4thinnan finns gula fl\u00e4cken (makula). Det \u00e4r ett 2-3 mm stort omr\u00e5de p\u00e5 n\u00e4thinnan d\u00e4r de flesta syncellerna finns och d\u00e4r sitter de t\u00e4tt ihop. Det \u00e4r fr\u00e5n syncellerna i den gula fl\u00e4cken vi har det skarpa seendet. Drabbas denna del av \u00e5ldersf\u00f6r\u00e4ndringar s\u00e5 finns det risk f\u00f6r irreversibel nedsatt synsk\u00e4rpa.<\/p>\n<p>[\/et_pb_text][et_pb_image src=&#8221;https:\/\/www.soflinpharma.fi\/wp-content\/uploads\/2022\/09\/ogat.jpeg&#8221; _builder_version=&#8221;4.18.0&#8243; _module_preset=&#8221;default&#8221; global_colors_info=&#8221;{}&#8221;][\/et_pb_image][et_pb_text _builder_version=&#8221;4.18.0&#8243; _module_preset=&#8221;default&#8221; global_colors_info=&#8221;{}&#8221;]<\/p>\n<p><span>\u00c5ldersf\u00f6r\u00e4ndringar i gula fl\u00e4cken delas in i torr och v\u00e5t AMD. AMD st\u00e5r f\u00f6r Age-Related-Macular-Degeneration.\u00a0 Torr makuladegeneration och gr\u00e5 starr, \u00e4r de vanligaste orsakerna till synneds\u00e4ttning i v\u00e4stv\u00e4rlden.\u00a0 I ca 10-20% av fallen kan den torra \u00f6verg\u00e5 till den allvarligare v\u00e5ta formen. Den v\u00e5ta formen f\u00f6reg\u00e5s alltid av den torra varianten. \u00c5ldersf\u00f6r\u00e4ndringar i gula fl\u00e4cken kan orsaka att n\u00e4thinnan blir inflammerad och svullnar, vilket resulterar i ett krokseende d\u00e4r raka linjer uppfattas som krokiga. Bes\u00f6k \u00f6gonl\u00e4kare utifall krokseende uppst\u00e5r.<br \/><\/span><br \/>Stavar kallas de synceller som finns utanf\u00f6r gula fl\u00e4cken och de \u00e4r mest ljusk\u00e4nsliga och anv\u00e4nds i m\u00f6rker. Tappar kallas de synceller som finns i gula fl\u00e4cken och de g\u00f6r s\u00e5 att vi ser skarpt, och de \u00e4r mest f\u00e4rgk\u00e4nsliga.<\/p>\n<p>N\u00e4r \u00f6gat uts\u00e4tts f\u00f6r ljus leder det till en kraftig \u00f6kning av oxidativ stress och fria radikaler, vilka \u00e4r skadliga f\u00f6r n\u00e4thinnan. Oxidativ stress inneb\u00e4r syreangrepp p\u00e5 celler och \u00e4mnesoms\u00e4ttningen. Fria radikaler \u00e4r skadliga molekyler som ombildats vid syreoms\u00e4ttningen. Om seendet upplevs som f\u00f6rs\u00e4mrat \u00e4r det betydelsefullt att genomf\u00f6ra en synunders\u00f6kning. Vid r\u00e4tt behandling kan synneds\u00e4ttningen hejdas eller f\u00f6rl\u00e5ngsammas.<\/p>\n<p><a href=\"https:\/\/www.soflinpharma.fi\/wp-content\/uploads\/2022\/09\/artikel_gula_flacken.pdf\" target=\"_blank\" rel=\"noopener\">Artikel med Professor Peep Algvere S:t Eriks \u00f6gonsjukhus.<\/a><\/p>\n<p>[\/et_pb_text][et_pb_button button_url=&#8221;https:\/\/www.doktorn.com\/artikel\/testa-om-du-har-synbesv%C3%A4r-kopplat-till-gula-fl%C3%A4cken&#8221; url_new_window=&#8221;on&#8221; button_text=&#8221;L\u00e4s mer p\u00e5 doktorn.com&#8221; _builder_version=&#8221;4.18.0&#8243; _module_preset=&#8221;default&#8221; global_colors_info=&#8221;{}&#8221;][\/et_pb_button][\/et_pb_column][et_pb_column type=&#8221;1_2&#8243; _builder_version=&#8221;4.18.0&#8243; _module_preset=&#8221;default&#8221; global_colors_info=&#8221;{}&#8221;][et_pb_text _builder_version=&#8221;4.18.0&#8243; _module_preset=&#8221;default&#8221; global_colors_info=&#8221;{}&#8221;]<\/p>\n<h2>\u00d6gonh\u00e4lsounders\u00f6kning<\/h2>\n<p>Med \u00e5ren blir synen ofta s\u00e4mre pga. flera orsaker. Vanligaste orsaken \u00e4r att \u00f6gats brytkraft f\u00f6r\u00e4ndras, vilket optiker kan avhj\u00e4lpa med nya glas\u00f6gon.<\/p>\n<p>Det finns ocks\u00e5 vanliga sjukdomar, som ger l\u00e5ngsam synf\u00f6rs\u00e4mring, till exempel \u00e5ldersf\u00f6r\u00e4ndring i gula fl\u00e4cken, glaukom (gr\u00f6n starr), katarakt (gr\u00e5 starr) eller n\u00e4thinnef\u00f6r\u00e4ndring p\u00e5 grund av diabetes.<\/p>\n<p>Det finns optiker som har utrustning f\u00f6r \u00f6gonh\u00e4lsounders\u00f6kning. Optiker med speciell utbildning kan tolka dina \u00f6gonbottenbilder. Andra optiker kan ha \u00f6gonl\u00e4kare som bed\u00f6mer bilderna. H\u00f6r med din optiker ang. \u00f6gonh\u00e4lsounders\u00f6kning.<\/p>\n<p>Optiker som har utrustning f\u00f6r \u00f6gonh\u00e4lsounders\u00f6kning, och d\u00e4r resultaten granskas av \u00f6gonl\u00e4kare finns i nedan l\u00e4nk.<\/p>\n<p><span>Internationella rekommendationer om \u00f6gonh\u00e4lsounders\u00f6kning: \u00d6ver 60 \u00e5r: 1 g\u00e5ng\/\u00e5r (National Eye Institute, USA).<\/span><\/p>\n<p>[\/et_pb_text][et_pb_image src=&#8221;https:\/\/www.soflinpharma.fi\/wp-content\/uploads\/2022\/09\/undersokning.jpeg&#8221; _builder_version=&#8221;4.18.0&#8243; _module_preset=&#8221;default&#8221; global_colors_info=&#8221;{}&#8221;][\/et_pb_image][\/et_pb_column][\/et_pb_row][\/et_pb_section]<\/p>\n","protected":false},"excerpt":{"rendered":"<p>Gula fl\u00e4cken P\u00e5 n\u00e4thinnan finns gula fl\u00e4cken (makula). Det \u00e4r ett 2-3 mm stort omr\u00e5de p\u00e5 n\u00e4thinnan d\u00e4r de flesta syncellerna finns och d\u00e4r sitter de t\u00e4tt ihop. Det \u00e4r fr\u00e5n syncellerna i den gula fl\u00e4cken vi har det skarpa seendet. Drabbas denna del av \u00e5ldersf\u00f6r\u00e4ndringar s\u00e5 finns det risk f\u00f6r irreversibel nedsatt synsk\u00e4rpa.\u00c5ldersf\u00f6r\u00e4ndringar i [&hellip;]<\/p>\n","protected":false},"author":2,"featured_media":644,"parent":0,"menu_order":0,"comment_status":"closed","ping_status":"closed","template":"","meta":{"_et_pb_use_builder":"on","_et_pb_old_content":"","_et_gb_content_width":""},"yoast_head":"<!-- This site is optimized with the Yoast SEO plugin v21.1 - https:\/\/yoast.com\/wordpress\/plugins\/seo\/ -->\n<title>Gula fl\u00e4cken och makuladegeneration |\u00a0Soflin Pharma<\/title>\n<meta name=\"description\" content=\"P\u00e5 n\u00e4thinnan finns gula fl\u00e4cken (makula). Drabbas denna del av \u00e5ldersf\u00f6r\u00e4ndringar s\u00e5 finns det risk f\u00f6r irreversibel nedsatt synsk\u00e4rpa.\" \/>\n<meta name=\"robots\" content=\"index, follow, max-snippet:-1, max-image-preview:large, max-video-preview:-1\" \/>\n<link rel=\"canonical\" href=\"https:\/\/www.soflinpharma.fi\/sv\/gula-flacken-ogonhalsoundersokning\/\" \/>\n<meta property=\"og:locale\" content=\"sv_SE\" \/>\n<meta property=\"og:type\" content=\"article\" \/>\n<meta property=\"og:title\" content=\"Gula fl\u00e4cken och makuladegeneration |\u00a0Soflin Pharma\" \/>\n<meta property=\"og:description\" content=\"P\u00e5 n\u00e4thinnan finns gula fl\u00e4cken (makula). Drabbas denna del av \u00e5ldersf\u00f6r\u00e4ndringar s\u00e5 finns det risk f\u00f6r irreversibel nedsatt synsk\u00e4rpa.\" \/>\n<meta property=\"og:url\" content=\"https:\/\/www.soflinpharma.fi\/sv\/gula-flacken-ogonhalsoundersokning\/\" \/>\n<meta property=\"og:site_name\" content=\"Soflin Pharma AB\" \/>\n<meta property=\"article:modified_time\" content=\"2024-02-15T08:59:22+00:00\" \/>\n<meta property=\"og:image\" content=\"https:\/\/www.soflinpharma.fi\/wp-content\/uploads\/2022\/09\/ogat.jpeg\" \/>\n\t<meta property=\"og:image:width\" content=\"375\" \/>\n\t<meta property=\"og:image:height\" content=\"336\" \/>\n\t<meta property=\"og:image:type\" content=\"image\/jpeg\" \/>\n<meta name=\"twitter:card\" content=\"summary_large_image\" \/>\n<meta name=\"twitter:label1\" content=\"Ber\u00e4knad l\u00e4stid\" \/>\n\t<meta name=\"twitter:data1\" content=\"2 minuter\" \/>\n<script type=\"application\/ld+json\" class=\"yoast-schema-graph\">{\"@context\":\"https:\/\/schema.org\",\"@graph\":[{\"@type\":\"WebPage\",\"@id\":\"https:\/\/www.soflinpharma.fi\/sv\/gula-flacken-ogonhalsoundersokning\/\",\"url\":\"https:\/\/www.soflinpharma.fi\/sv\/gula-flacken-ogonhalsoundersokning\/\",\"name\":\"Gula fl\u00e4cken och makuladegeneration |\u00a0Soflin Pharma\",\"isPartOf\":{\"@id\":\"https:\/\/www.soflinpharma.fi\/sv\/#website\"},\"datePublished\":\"2022-09-12T12:21:22+00:00\",\"dateModified\":\"2024-02-15T08:59:22+00:00\",\"description\":\"P\u00e5 n\u00e4thinnan finns gula fl\u00e4cken (makula). Drabbas denna del av \u00e5ldersf\u00f6r\u00e4ndringar s\u00e5 finns det risk f\u00f6r irreversibel nedsatt synsk\u00e4rpa.\",\"breadcrumb\":{\"@id\":\"https:\/\/www.soflinpharma.fi\/sv\/gula-flacken-ogonhalsoundersokning\/#breadcrumb\"},\"inLanguage\":\"sv-SE\",\"potentialAction\":[{\"@type\":\"ReadAction\",\"target\":[\"https:\/\/www.soflinpharma.fi\/sv\/gula-flacken-ogonhalsoundersokning\/\"]}]},{\"@type\":\"BreadcrumbList\",\"@id\":\"https:\/\/www.soflinpharma.fi\/sv\/gula-flacken-ogonhalsoundersokning\/#breadcrumb\",\"itemListElement\":[{\"@type\":\"ListItem\",\"position\":1,\"name\":\"Hem\",\"item\":\"https:\/\/www.soflinpharma.fi\/sv\/\"},{\"@type\":\"ListItem\",\"position\":2,\"name\":\"Gula fl\u00e4cken &amp; \u00f6gonh\u00e4lsounders\u00f6kning\"}]},{\"@type\":\"WebSite\",\"@id\":\"https:\/\/www.soflinpharma.fi\/sv\/#website\",\"url\":\"https:\/\/www.soflinpharma.fi\/sv\/\",\"name\":\"Soflin Pharma AB\",\"description\":\"\",\"publisher\":{\"@id\":\"https:\/\/www.soflinpharma.fi\/sv\/#organization\"},\"potentialAction\":[{\"@type\":\"SearchAction\",\"target\":{\"@type\":\"EntryPoint\",\"urlTemplate\":\"https:\/\/www.soflinpharma.fi\/sv\/?s={search_term_string}\"},\"query-input\":\"required name=search_term_string\"}],\"inLanguage\":\"sv-SE\"},{\"@type\":\"Organization\",\"@id\":\"https:\/\/www.soflinpharma.fi\/sv\/#organization\",\"name\":\"Soflin Pharma AB\",\"url\":\"https:\/\/www.soflinpharma.fi\/sv\/\",\"logo\":{\"@type\":\"ImageObject\",\"inLanguage\":\"sv-SE\",\"@id\":\"https:\/\/www.soflinpharma.fi\/sv\/#\/schema\/logo\/image\/\",\"url\":\"https:\/\/www.soflinpharma.fi\/wp-content\/uploads\/2022\/09\/soflin_logo.png\",\"contentUrl\":\"https:\/\/www.soflinpharma.fi\/wp-content\/uploads\/2022\/09\/soflin_logo.png\",\"width\":600,\"height\":178,\"caption\":\"Soflin Pharma AB\"},\"image\":{\"@id\":\"https:\/\/www.soflinpharma.fi\/sv\/#\/schema\/logo\/image\/\"}}]}<\/script>\n<!-- \/ Yoast SEO plugin. -->","yoast_head_json":{"title":"Gula fl\u00e4cken och makuladegeneration |\u00a0Soflin Pharma","description":"P\u00e5 n\u00e4thinnan finns gula fl\u00e4cken (makula). Drabbas denna del av \u00e5ldersf\u00f6r\u00e4ndringar s\u00e5 finns det risk f\u00f6r irreversibel nedsatt synsk\u00e4rpa.","robots":{"index":"index","follow":"follow","max-snippet":"max-snippet:-1","max-image-preview":"max-image-preview:large","max-video-preview":"max-video-preview:-1"},"canonical":"https:\/\/www.soflinpharma.fi\/sv\/gula-flacken-ogonhalsoundersokning\/","og_locale":"sv_SE","og_type":"article","og_title":"Gula fl\u00e4cken och makuladegeneration |\u00a0Soflin Pharma","og_description":"P\u00e5 n\u00e4thinnan finns gula fl\u00e4cken (makula). Drabbas denna del av \u00e5ldersf\u00f6r\u00e4ndringar s\u00e5 finns det risk f\u00f6r irreversibel nedsatt synsk\u00e4rpa.","og_url":"https:\/\/www.soflinpharma.fi\/sv\/gula-flacken-ogonhalsoundersokning\/","og_site_name":"Soflin Pharma AB","article_modified_time":"2024-02-15T08:59:22+00:00","og_image":[{"width":375,"height":336,"url":"https:\/\/www.soflinpharma.fi\/wp-content\/uploads\/2022\/09\/ogat.jpeg","type":"image\/jpeg"}],"twitter_card":"summary_large_image","twitter_misc":{"Ber\u00e4knad l\u00e4stid":"2 minuter"},"schema":{"@context":"https:\/\/schema.org","@graph":[{"@type":"WebPage","@id":"https:\/\/www.soflinpharma.fi\/sv\/gula-flacken-ogonhalsoundersokning\/","url":"https:\/\/www.soflinpharma.fi\/sv\/gula-flacken-ogonhalsoundersokning\/","name":"Gula fl\u00e4cken och makuladegeneration |\u00a0Soflin Pharma","isPartOf":{"@id":"https:\/\/www.soflinpharma.fi\/sv\/#website"},"datePublished":"2022-09-12T12:21:22+00:00","dateModified":"2024-02-15T08:59:22+00:00","description":"P\u00e5 n\u00e4thinnan finns gula fl\u00e4cken (makula). Drabbas denna del av \u00e5ldersf\u00f6r\u00e4ndringar s\u00e5 finns det risk f\u00f6r irreversibel nedsatt synsk\u00e4rpa.","breadcrumb":{"@id":"https:\/\/www.soflinpharma.fi\/sv\/gula-flacken-ogonhalsoundersokning\/#breadcrumb"},"inLanguage":"sv-SE","potentialAction":[{"@type":"ReadAction","target":["https:\/\/www.soflinpharma.fi\/sv\/gula-flacken-ogonhalsoundersokning\/"]}]},{"@type":"BreadcrumbList","@id":"https:\/\/www.soflinpharma.fi\/sv\/gula-flacken-ogonhalsoundersokning\/#breadcrumb","itemListElement":[{"@type":"ListItem","position":1,"name":"Hem","item":"https:\/\/www.soflinpharma.fi\/sv\/"},{"@type":"ListItem","position":2,"name":"Gula fl\u00e4cken &amp; \u00f6gonh\u00e4lsounders\u00f6kning"}]},{"@type":"WebSite","@id":"https:\/\/www.soflinpharma.fi\/sv\/#website","url":"https:\/\/www.soflinpharma.fi\/sv\/","name":"Soflin Pharma AB","description":"","publisher":{"@id":"https:\/\/www.soflinpharma.fi\/sv\/#organization"},"potentialAction":[{"@type":"SearchAction","target":{"@type":"EntryPoint","urlTemplate":"https:\/\/www.soflinpharma.fi\/sv\/?s={search_term_string}"},"query-input":"required name=search_term_string"}],"inLanguage":"sv-SE"},{"@type":"Organization","@id":"https:\/\/www.soflinpharma.fi\/sv\/#organization","name":"Soflin Pharma AB","url":"https:\/\/www.soflinpharma.fi\/sv\/","logo":{"@type":"ImageObject","inLanguage":"sv-SE","@id":"https:\/\/www.soflinpharma.fi\/sv\/#\/schema\/logo\/image\/","url":"https:\/\/www.soflinpharma.fi\/wp-content\/uploads\/2022\/09\/soflin_logo.png","contentUrl":"https:\/\/www.soflinpharma.fi\/wp-content\/uploads\/2022\/09\/soflin_logo.png","width":600,"height":178,"caption":"Soflin Pharma AB"},"image":{"@id":"https:\/\/www.soflinpharma.fi\/sv\/#\/schema\/logo\/image\/"}}]}},"_links":{"self":[{"href":"https:\/\/www.soflinpharma.fi\/sv\/wp-json\/wp\/v2\/pages\/635"}],"collection":[{"href":"https:\/\/www.soflinpharma.fi\/sv\/wp-json\/wp\/v2\/pages"}],"about":[{"href":"https:\/\/www.soflinpharma.fi\/sv\/wp-json\/wp\/v2\/types\/page"}],"author":[{"embeddable":true,"href":"https:\/\/www.soflinpharma.fi\/sv\/wp-json\/wp\/v2\/users\/2"}],"replies":[{"embeddable":true,"href":"https:\/\/www.soflinpharma.fi\/sv\/wp-json\/wp\/v2\/comments?post=635"}],"version-history":[{"count":13,"href":"https:\/\/www.soflinpharma.fi\/sv\/wp-json\/wp\/v2\/pages\/635\/revisions"}],"predecessor-version":[{"id":858,"href":"https:\/\/www.soflinpharma.fi\/sv\/wp-json\/wp\/v2\/pages\/635\/revisions\/858"}],"wp:featuredmedia":[{"embeddable":true,"href":"https:\/\/www.soflinpharma.fi\/sv\/wp-json\/wp\/v2\/media\/644"}],"wp:attachment":[{"href":"https:\/\/www.soflinpharma.fi\/sv\/wp-json\/wp\/v2\/media?parent=635"}],"curies":[{"name":"wp","href":"https:\/\/api.w.org\/{rel}","templated":true}]}}