{"id":589,"date":"2022-09-12T14:04:26","date_gmt":"2022-09-12T12:04:26","guid":{"rendered":"https:\/\/www.soflinpharma.fi\/?page_id=589"},"modified":"2024-08-12T08:25:31","modified_gmt":"2024-08-12T06:25:31","slug":"hem","status":"publish","type":"page","link":"https:\/\/www.soflinpharma.fi\/sv\/","title":{"rendered":"Hem"},"content":{"rendered":"<p>[et_pb_section fb_built=&#8221;1&#8243; _builder_version=&#8221;4.18.0&#8243; custom_margin=&#8221;0px||||false|false&#8221; custom_padding=&#8221;0px||||false|false&#8221; global_colors_info=&#8221;{}&#8221;][et_pb_row _builder_version=&#8221;4.18.0&#8243; background_size=&#8221;initial&#8221; background_position=&#8221;top_left&#8221; background_repeat=&#8221;repeat&#8221; width=&#8221;100%&#8221; max_width=&#8221;100%&#8221; custom_padding=&#8221;0px||||false|false&#8221; global_colors_info=&#8221;{}&#8221;][et_pb_column type=&#8221;4_4&#8243; _builder_version=&#8221;4.18.0&#8243; custom_padding=&#8221;0px||||false|false&#8221; global_colors_info=&#8221;{}&#8221; custom_padding__hover=&#8221;|||&#8221;][et_pb_image src=&#8221;https:\/\/www.soflinpharma.fi\/wp-content\/uploads\/2022\/09\/soflinpharma-bg-1.jpeg&#8221; alt=&#8221;SoflinPharma&#8221; title_text=&#8221;Optivital, Optimega-D, Optifloat&#8221; align=&#8221;center&#8221; _builder_version=&#8221;4.18.0&#8243; _module_preset=&#8221;default&#8221; global_colors_info=&#8221;{}&#8221;][\/et_pb_image][\/et_pb_column][\/et_pb_row][et_pb_row column_structure=&#8221;1_3,1_3,1_3&#8243; _builder_version=&#8221;4.18.0&#8243; _module_preset=&#8221;default&#8221; global_colors_info=&#8221;{}&#8221;][et_pb_column type=&#8221;1_3&#8243; _builder_version=&#8221;4.18.0&#8243; _module_preset=&#8221;default&#8221; global_colors_info=&#8221;{}&#8221;][et_pb_wc_images product=&#8221;286&#8243; show_product_gallery=&#8221;off&#8221; show_sale_badge=&#8221;off&#8221; _builder_version=&#8221;4.27.0&#8243; _dynamic_attributes=&#8221;link_option_url&#8221; _module_preset=&#8221;default&#8221; link_option_url=&#8221;@ET-DC@eyJkeW5hbWljIjp0cnVlLCJjb250ZW50IjoicG9zdF9saW5rX3VybF9wcm9kdWN0Iiwic2V0dGluZ3MiOnsicG9zdF9pZCI6IjY2NiJ9fQ==@&#8221; hover_enabled=&#8221;0&#8243; border_radii_image=&#8221;on|2px|2px|2px|2px&#8221; global_colors_info=&#8221;{}&#8221; sticky_enabled=&#8221;0&#8243;][\/et_pb_wc_images][et_pb_text _builder_version=&#8221;4.18.0&#8243; _module_preset=&#8221;default&#8221; header_2_font=&#8221;|600|||||||&#8221; global_colors_info=&#8221;{}&#8221;]<\/p>\n<h2 style=\"text-align: center;\">OPTIVITAL<\/h2>\n<p style=\"text-align: center;\">Vetenskapligt bevisad effekt. Bygger p\u00e5 v\u00e4rldens st\u00f6rsta \u00f6gonstudier p\u00e5 \u00e5ldrande gula fl\u00e4cken. Inga f\u00e4rg\u00e4mnen eller konserveringsmedel.<\/p>\n<p>[\/et_pb_text][et_pb_button button_url=&#8221;\/sv\/produkt\/optivital\/&#8221; button_text=&#8221;L\u00e4s mer och k\u00f6p&#8221; button_alignment=&#8221;center&#8221; _builder_version=&#8221;4.27.0&#8243; _module_preset=&#8221;default&#8221; hover_enabled=&#8221;0&#8243; global_colors_info=&#8221;{}&#8221; sticky_enabled=&#8221;0&#8243;][\/et_pb_button][\/et_pb_column][et_pb_column type=&#8221;1_3&#8243; _builder_version=&#8221;4.18.0&#8243; _module_preset=&#8221;default&#8221; global_colors_info=&#8221;{}&#8221;][et_pb_wc_images product=&#8221;204&#8243; show_product_gallery=&#8221;off&#8221; _builder_version=&#8221;4.27.0&#8243; _dynamic_attributes=&#8221;link_option_url&#8221; _module_preset=&#8221;default&#8221; link_option_url=&#8221;@ET-DC@eyJkeW5hbWljIjp0cnVlLCJjb250ZW50IjoicG9zdF9saW5rX3VybF9wcm9kdWN0Iiwic2V0dGluZ3MiOnsicG9zdF9pZCI6IjcyNSJ9fQ==@&#8221; hover_enabled=&#8221;0&#8243; global_colors_info=&#8221;{}&#8221; sticky_enabled=&#8221;0&#8243;][\/et_pb_wc_images][et_pb_text _builder_version=&#8221;4.18.0&#8243; _module_preset=&#8221;default&#8221; header_2_font=&#8221;|600|||||||&#8221; global_colors_info=&#8221;{}&#8221;]<\/p>\n<h2 style=\"text-align: center;\">OPTIMEGA-D<\/h2>\n<p style=\"text-align: center;\">Har du en k\u00e4nsla av att \u00f6gonen k\u00e4nns torra\/svider? Omega-3 p\u00e5 krillolja inklusive D-vitamin. Inga f\u00e4rg\u00e4mnen eller konserveringsmedel.<\/p>\n<p>[\/et_pb_text][et_pb_button button_url=&#8221;\/sv\/produkt\/optimega-d\/&#8221; button_text=&#8221;L\u00e4s mer och k\u00f6p&#8221; button_alignment=&#8221;center&#8221; _builder_version=&#8221;4.27.0&#8243; _module_preset=&#8221;default&#8221; hover_enabled=&#8221;0&#8243; global_colors_info=&#8221;{}&#8221; sticky_enabled=&#8221;0&#8243;][\/et_pb_button][\/et_pb_column][et_pb_column type=&#8221;1_3&#8243; _builder_version=&#8221;4.18.0&#8243; _module_preset=&#8221;default&#8221; global_colors_info=&#8221;{}&#8221;][et_pb_wc_images product=&#8221;303&#8243; show_product_gallery=&#8221;off&#8221; show_sale_badge=&#8221;off&#8221; _builder_version=&#8221;4.27.0&#8243; _dynamic_attributes=&#8221;link_option_url&#8221; _module_preset=&#8221;default&#8221; link_option_url=&#8221;@ET-DC@eyJkeW5hbWljIjp0cnVlLCJjb250ZW50IjoicG9zdF9saW5rX3VybF9wcm9kdWN0Iiwic2V0dGluZ3MiOnsicG9zdF9pZCI6IjcxMSJ9fQ==@&#8221; hover_enabled=&#8221;0&#8243; global_colors_info=&#8221;{}&#8221; sticky_enabled=&#8221;0&#8243;][\/et_pb_wc_images][et_pb_text _builder_version=&#8221;4.18.0&#8243; _module_preset=&#8221;default&#8221; header_font=&#8221;|600|||||||&#8221; header_2_font=&#8221;|600|||||||&#8221; global_colors_info=&#8221;{}&#8221;]<\/p>\n<h2 style=\"text-align: center;\">OPTIFLOAT<\/h2>\n<p style=\"text-align: center;\">Klarare syn vid grumlingar i \u00f6gats glaskropp. F\u00f6r dig som besv\u00e4ras av grumlingar\/\u201dfloaters\u201d i synf\u00e4ltet. Inga f\u00e4rg\u00e4mnen eller konserveringsmedel.<\/p>\n<p>[\/et_pb_text][et_pb_button button_url=&#8221;\/sv\/produkt\/optifloat\/&#8221; button_text=&#8221;L\u00e4s mer och k\u00f6p&#8221; button_alignment=&#8221;center&#8221; _builder_version=&#8221;4.27.0&#8243; _module_preset=&#8221;default&#8221; hover_enabled=&#8221;0&#8243; global_colors_info=&#8221;{}&#8221; sticky_enabled=&#8221;0&#8243;][\/et_pb_button][\/et_pb_column][\/et_pb_row][et_pb_row _builder_version=&#8221;4.18.0&#8243; _module_preset=&#8221;default&#8221; background_color=&#8221;#005caa&#8221; custom_margin=&#8221;60px||||false|false&#8221; custom_padding=&#8221;||||false|false&#8221; global_colors_info=&#8221;{}&#8221;][et_pb_column type=&#8221;4_4&#8243; _builder_version=&#8221;4.18.0&#8243; _module_preset=&#8221;default&#8221; global_colors_info=&#8221;{}&#8221;][et_pb_text _builder_version=&#8221;4.18.0&#8243; _module_preset=&#8221;default&#8221; text_font=&#8221;|600|||||||&#8221; text_text_color=&#8221;#FFFFFF&#8221; header_3_text_color=&#8221;#FFFFFF&#8221; header_3_font_size=&#8221;26px&#8221; global_colors_info=&#8221;{}&#8221;]<\/p>\n<h3 style=\"text-align: center;\">VILL DU BEST\u00c4LLA VIA TELEFON? RING OSS P\u00c5 +46 8 661 17 11<\/h3>\n<p style=\"text-align: center;\">Fraktfritt hem i brevl\u00e5dan. Inget abonnemangstv\u00e5ng.<\/p>\n<p>[\/et_pb_text][et_pb_button button_url=&#8221;tel:+4686611711&#8243; button_text=&#8221;Klicka f\u00f6r att ringa&#8221; button_alignment=&#8221;center&#8221; _builder_version=&#8221;4.18.0&#8243; _module_preset=&#8221;default&#8221; custom_button=&#8221;on&#8221; button_border_width=&#8221;2px&#8221; button_border_color=&#8221;#FFFFFF&#8221; button_border_radius=&#8221;3px&#8221; button_font=&#8221;|600|||||||&#8221; button_icon=&#8221;&#xe090;||divi||400&#8243; button_on_hover=&#8221;off&#8221; custom_padding=&#8221;1%|5%|1%|5%|true|false&#8221; global_colors_info=&#8221;{}&#8221;][\/et_pb_button][\/et_pb_column][\/et_pb_row][et_pb_row _builder_version=&#8221;4.18.0&#8243; _module_preset=&#8221;default&#8221; custom_margin=&#8221;30px||||false|false&#8221; custom_padding=&#8221;||0px||false|false&#8221; global_colors_info=&#8221;{}&#8221;][et_pb_column type=&#8221;4_4&#8243; _builder_version=&#8221;4.18.0&#8243; _module_preset=&#8221;default&#8221; global_colors_info=&#8221;{}&#8221;][et_pb_text _builder_version=&#8221;4.18.0&#8243; _module_preset=&#8221;default&#8221; text_text_color=&#8221;#000000&#8243; text_line_height=&#8221;2em&#8221; link_text_color=&#8221;#015caa&#8221; header_3_font=&#8221;Montserrat|700|||||||&#8221; header_3_line_height=&#8221;1.5em&#8221; global_colors_info=&#8221;{}&#8221;]<\/p>\n<h3 class=\"headline font-special fontsize-m fontweight-700 lh-inherit align-left transform-uppercase \"><span><strong>Om f\u00f6retaget<\/strong><\/span><span><\/span><\/h3>\n<p>Soflin Pharma\u00a0\u00e4r ett f\u00f6retag som startade 2013 och har som sin m\u00e5ls\u00e4ttning att ta fram produkter som fr\u00e4mst fr\u00e4mjar \u00f6gat och dess h\u00e4lsa. Idag har f\u00f6retaget 3 unika produkter. OPTIVITAL och dess sammans\u00e4ttning har tagits fram med publicerade vetenskapliga studier med bevisad effekt p\u00e5 gula fl\u00e4cken som underlag. OPTIMEGA-D. Omega-3 p\u00e5 krill. Inneh\u00e5ller \u00e4ven D-vitamin. Dokumenterat effektivare \u00e4n omega-3 fr\u00e5n fisk vid \u00f6gon som k\u00e4nns torra. OPTIFLOAT har i studier visats kunna f\u00f6rhindra att det bildas klumpar av kollagena fibrer i glaskroppen, vilka orsakar grumlingar\/floaters i synf\u00e4ltet. F\u00f6retaget ligger i Stockholm.[\/et_pb_text][\/et_pb_column][\/et_pb_row][\/et_pb_section]<\/p>\n","protected":false},"excerpt":{"rendered":"<p>OPTIVITAL Vetenskapligt bevisad effekt. Bygger p\u00e5 v\u00e4rldens st\u00f6rsta \u00f6gonstudier p\u00e5 \u00e5ldrande gula fl\u00e4cken. Inga f\u00e4rg\u00e4mnen eller konserveringsmedel.OPTIMEGA-D Har du en k\u00e4nsla av att \u00f6gonen k\u00e4nns torra\/svider? Omega-3 p\u00e5 krillolja inklusive D-vitamin. Inga f\u00e4rg\u00e4mnen eller konserveringsmedel.OPTIFLOAT Klarare syn vid grumlingar i \u00f6gats glaskropp. F\u00f6r dig som besv\u00e4ras av grumlingar\/\u201dfloaters\u201d i synf\u00e4ltet. Inga f\u00e4rg\u00e4mnen eller konserveringsmedel.VILL DU [&hellip;]<\/p>\n","protected":false},"author":2,"featured_media":539,"parent":0,"menu_order":0,"comment_status":"closed","ping_status":"closed","template":"","meta":{"_et_pb_use_builder":"on","_et_pb_old_content":"","_et_gb_content_width":""},"yoast_head":"<!-- This site is optimized with the Yoast SEO plugin v21.1 - https:\/\/yoast.com\/wordpress\/plugins\/seo\/ -->\n<title>Hem - Soflin Pharma AB<\/title>\n<meta name=\"description\" content=\"Soflin Pharma \u00e4r ett f\u00f6retag som startade 2013 och har som sin m\u00e5ls\u00e4ttning att ta fram produkter som fr\u00e4mst fr\u00e4mjar \u00f6gat och dess h\u00e4lsa.\" \/>\n<meta name=\"robots\" content=\"index, follow, max-snippet:-1, max-image-preview:large, max-video-preview:-1\" \/>\n<link rel=\"canonical\" href=\"https:\/\/www.soflinpharma.fi\/sv\/\" \/>\n<meta property=\"og:locale\" content=\"sv_SE\" \/>\n<meta property=\"og:type\" content=\"article\" \/>\n<meta property=\"og:title\" content=\"Hem - Soflin Pharma AB\" \/>\n<meta property=\"og:description\" content=\"Soflin Pharma \u00e4r ett f\u00f6retag som startade 2013 och har som sin m\u00e5ls\u00e4ttning att ta fram produkter som fr\u00e4mst fr\u00e4mjar \u00f6gat och dess h\u00e4lsa.\" \/>\n<meta property=\"og:url\" content=\"https:\/\/www.soflinpharma.fi\/sv\/\" \/>\n<meta property=\"og:site_name\" content=\"Soflin Pharma AB\" \/>\n<meta property=\"article:modified_time\" content=\"2024-08-12T06:25:31+00:00\" \/>\n<meta property=\"og:image\" content=\"https:\/\/www.soflinpharma.fi\/wp-content\/uploads\/2022\/09\/soflinpharma-bg.jpeg\" \/>\n\t<meta property=\"og:image:width\" content=\"2000\" \/>\n\t<meta property=\"og:image:height\" content=\"667\" \/>\n\t<meta property=\"og:image:type\" content=\"image\/jpeg\" \/>\n<meta name=\"twitter:card\" content=\"summary_large_image\" \/>\n<meta name=\"twitter:label1\" content=\"Ber\u00e4knad l\u00e4stid\" \/>\n\t<meta name=\"twitter:data1\" content=\"2 minuter\" \/>\n<script type=\"application\/ld+json\" class=\"yoast-schema-graph\">{\"@context\":\"https:\/\/schema.org\",\"@graph\":[{\"@type\":\"WebPage\",\"@id\":\"https:\/\/www.soflinpharma.fi\/sv\/\",\"url\":\"https:\/\/www.soflinpharma.fi\/sv\/\",\"name\":\"Hem - Soflin Pharma AB\",\"isPartOf\":{\"@id\":\"https:\/\/www.soflinpharma.fi\/sv\/#website\"},\"datePublished\":\"2022-09-12T12:04:26+00:00\",\"dateModified\":\"2024-08-12T06:25:31+00:00\",\"description\":\"Soflin Pharma \u00e4r ett f\u00f6retag som startade 2013 och har som sin m\u00e5ls\u00e4ttning att ta fram produkter som fr\u00e4mst fr\u00e4mjar \u00f6gat och dess h\u00e4lsa.\",\"breadcrumb\":{\"@id\":\"https:\/\/www.soflinpharma.fi\/sv\/#breadcrumb\"},\"inLanguage\":\"sv-SE\",\"potentialAction\":[{\"@type\":\"ReadAction\",\"target\":[\"https:\/\/www.soflinpharma.fi\/sv\/\"]}]},{\"@type\":\"BreadcrumbList\",\"@id\":\"https:\/\/www.soflinpharma.fi\/sv\/#breadcrumb\",\"itemListElement\":[{\"@type\":\"ListItem\",\"position\":1,\"name\":\"Hem\",\"item\":\"https:\/\/www.soflinpharma.fi\/sv\/\"},{\"@type\":\"ListItem\",\"position\":2,\"name\":\"Hem\"}]},{\"@type\":\"WebSite\",\"@id\":\"https:\/\/www.soflinpharma.fi\/sv\/#website\",\"url\":\"https:\/\/www.soflinpharma.fi\/sv\/\",\"name\":\"Soflin Pharma AB\",\"description\":\"\",\"publisher\":{\"@id\":\"https:\/\/www.soflinpharma.fi\/sv\/#organization\"},\"potentialAction\":[{\"@type\":\"SearchAction\",\"target\":{\"@type\":\"EntryPoint\",\"urlTemplate\":\"https:\/\/www.soflinpharma.fi\/sv\/?s={search_term_string}\"},\"query-input\":\"required name=search_term_string\"}],\"inLanguage\":\"sv-SE\"},{\"@type\":\"Organization\",\"@id\":\"https:\/\/www.soflinpharma.fi\/sv\/#organization\",\"name\":\"Soflin Pharma AB\",\"url\":\"https:\/\/www.soflinpharma.fi\/sv\/\",\"logo\":{\"@type\":\"ImageObject\",\"inLanguage\":\"sv-SE\",\"@id\":\"https:\/\/www.soflinpharma.fi\/sv\/#\/schema\/logo\/image\/\",\"url\":\"https:\/\/www.soflinpharma.fi\/wp-content\/uploads\/2022\/09\/soflin_logo.png\",\"contentUrl\":\"https:\/\/www.soflinpharma.fi\/wp-content\/uploads\/2022\/09\/soflin_logo.png\",\"width\":600,\"height\":178,\"caption\":\"Soflin Pharma AB\"},\"image\":{\"@id\":\"https:\/\/www.soflinpharma.fi\/sv\/#\/schema\/logo\/image\/\"}}]}<\/script>\n<!-- \/ Yoast SEO plugin. -->","yoast_head_json":{"title":"Hem - Soflin Pharma AB","description":"Soflin Pharma \u00e4r ett f\u00f6retag som startade 2013 och har som sin m\u00e5ls\u00e4ttning att ta fram produkter som fr\u00e4mst fr\u00e4mjar \u00f6gat och dess h\u00e4lsa.","robots":{"index":"index","follow":"follow","max-snippet":"max-snippet:-1","max-image-preview":"max-image-preview:large","max-video-preview":"max-video-preview:-1"},"canonical":"https:\/\/www.soflinpharma.fi\/sv\/","og_locale":"sv_SE","og_type":"article","og_title":"Hem - Soflin Pharma AB","og_description":"Soflin Pharma \u00e4r ett f\u00f6retag som startade 2013 och har som sin m\u00e5ls\u00e4ttning att ta fram produkter som fr\u00e4mst fr\u00e4mjar \u00f6gat och dess h\u00e4lsa.","og_url":"https:\/\/www.soflinpharma.fi\/sv\/","og_site_name":"Soflin Pharma AB","article_modified_time":"2024-08-12T06:25:31+00:00","og_image":[{"width":2000,"height":667,"url":"https:\/\/www.soflinpharma.fi\/wp-content\/uploads\/2022\/09\/soflinpharma-bg.jpeg","type":"image\/jpeg"}],"twitter_card":"summary_large_image","twitter_misc":{"Ber\u00e4knad l\u00e4stid":"2 minuter"},"schema":{"@context":"https:\/\/schema.org","@graph":[{"@type":"WebPage","@id":"https:\/\/www.soflinpharma.fi\/sv\/","url":"https:\/\/www.soflinpharma.fi\/sv\/","name":"Hem - Soflin Pharma AB","isPartOf":{"@id":"https:\/\/www.soflinpharma.fi\/sv\/#website"},"datePublished":"2022-09-12T12:04:26+00:00","dateModified":"2024-08-12T06:25:31+00:00","description":"Soflin Pharma \u00e4r ett f\u00f6retag som startade 2013 och har som sin m\u00e5ls\u00e4ttning att ta fram produkter som fr\u00e4mst fr\u00e4mjar \u00f6gat och dess h\u00e4lsa.","breadcrumb":{"@id":"https:\/\/www.soflinpharma.fi\/sv\/#breadcrumb"},"inLanguage":"sv-SE","potentialAction":[{"@type":"ReadAction","target":["https:\/\/www.soflinpharma.fi\/sv\/"]}]},{"@type":"BreadcrumbList","@id":"https:\/\/www.soflinpharma.fi\/sv\/#breadcrumb","itemListElement":[{"@type":"ListItem","position":1,"name":"Hem","item":"https:\/\/www.soflinpharma.fi\/sv\/"},{"@type":"ListItem","position":2,"name":"Hem"}]},{"@type":"WebSite","@id":"https:\/\/www.soflinpharma.fi\/sv\/#website","url":"https:\/\/www.soflinpharma.fi\/sv\/","name":"Soflin Pharma AB","description":"","publisher":{"@id":"https:\/\/www.soflinpharma.fi\/sv\/#organization"},"potentialAction":[{"@type":"SearchAction","target":{"@type":"EntryPoint","urlTemplate":"https:\/\/www.soflinpharma.fi\/sv\/?s={search_term_string}"},"query-input":"required name=search_term_string"}],"inLanguage":"sv-SE"},{"@type":"Organization","@id":"https:\/\/www.soflinpharma.fi\/sv\/#organization","name":"Soflin Pharma AB","url":"https:\/\/www.soflinpharma.fi\/sv\/","logo":{"@type":"ImageObject","inLanguage":"sv-SE","@id":"https:\/\/www.soflinpharma.fi\/sv\/#\/schema\/logo\/image\/","url":"https:\/\/www.soflinpharma.fi\/wp-content\/uploads\/2022\/09\/soflin_logo.png","contentUrl":"https:\/\/www.soflinpharma.fi\/wp-content\/uploads\/2022\/09\/soflin_logo.png","width":600,"height":178,"caption":"Soflin Pharma AB"},"image":{"@id":"https:\/\/www.soflinpharma.fi\/sv\/#\/schema\/logo\/image\/"}}]}},"_links":{"self":[{"href":"https:\/\/www.soflinpharma.fi\/sv\/wp-json\/wp\/v2\/pages\/589"}],"collection":[{"href":"https:\/\/www.soflinpharma.fi\/sv\/wp-json\/wp\/v2\/pages"}],"about":[{"href":"https:\/\/www.soflinpharma.fi\/sv\/wp-json\/wp\/v2\/types\/page"}],"author":[{"embeddable":true,"href":"https:\/\/www.soflinpharma.fi\/sv\/wp-json\/wp\/v2\/users\/2"}],"replies":[{"embeddable":true,"href":"https:\/\/www.soflinpharma.fi\/sv\/wp-json\/wp\/v2\/comments?post=589"}],"version-history":[{"count":44,"href":"https:\/\/www.soflinpharma.fi\/sv\/wp-json\/wp\/v2\/pages\/589\/revisions"}],"predecessor-version":[{"id":1086,"href":"https:\/\/www.soflinpharma.fi\/sv\/wp-json\/wp\/v2\/pages\/589\/revisions\/1086"}],"wp:featuredmedia":[{"embeddable":true,"href":"https:\/\/www.soflinpharma.fi\/sv\/wp-json\/wp\/v2\/media\/539"}],"wp:attachment":[{"href":"https:\/\/www.soflinpharma.fi\/sv\/wp-json\/wp\/v2\/media?parent=589"}],"curies":[{"name":"wp","href":"https:\/\/api.w.org\/{rel}","templated":true}]}}