{"id":1094,"date":"2024-08-29T10:28:22","date_gmt":"2024-08-29T08:28:22","guid":{"rendered":"https:\/\/www.soflinpharma.fi\/?page_id=1094"},"modified":"2024-08-29T10:30:20","modified_gmt":"2024-08-29T08:30:20","slug":"anvandar-och-integritetspolicy","status":"publish","type":"page","link":"https:\/\/www.soflinpharma.fi\/sv\/anvandar-och-integritetspolicy\/","title":{"rendered":"Anv\u00e4ndar- och Integritetspolicy"},"content":{"rendered":"<p>[et_pb_section fb_built=&#8221;1&#8243; _builder_version=&#8221;4.18.0&#8243; _module_preset=&#8221;default&#8221; global_colors_info=&#8221;{}&#8221;][et_pb_row _builder_version=&#8221;4.18.0&#8243; _module_preset=&#8221;default&#8221; global_colors_info=&#8221;{}&#8221;][et_pb_column type=&#8221;4_4&#8243; _builder_version=&#8221;4.18.0&#8243; _module_preset=&#8221;default&#8221; global_colors_info=&#8221;{}&#8221;][et_pb_text _builder_version=&#8221;4.27.0&#8243; _module_preset=&#8221;default&#8221; header_font=&#8221;|700|||||||&#8221; header_text_color=&#8221;#333333&#8243; hover_enabled=&#8221;0&#8243; global_colors_info=&#8221;{}&#8221; sticky_enabled=&#8221;0&#8243;]<\/p>\n<h1>Anv\u00e4ndar- och Integritetspolicy<\/h1>\n<p>[\/et_pb_text][\/et_pb_column][\/et_pb_row][et_pb_row _builder_version=&#8221;4.18.0&#8243; _module_preset=&#8221;default&#8221; locked=&#8221;off&#8221; global_colors_info=&#8221;{}&#8221;][et_pb_column type=&#8221;4_4&#8243; _builder_version=&#8221;4.18.0&#8243; _module_preset=&#8221;default&#8221; global_colors_info=&#8221;{}&#8221;][et_pb_text _builder_version=&#8221;4.27.0&#8243; _module_preset=&#8221;default&#8221; hover_enabled=&#8221;0&#8243; global_colors_info=&#8221;{}&#8221; sticky_enabled=&#8221;0&#8243;]<\/p>\n<ol>\n<li><strong>Introduktion<\/strong><\/li>\n<\/ol>\n<ul>\n<li>Denna anv\u00e4ndar- och integritetspolicy beskriver hur Soflin Pharma samlar in, anv\u00e4nder, delar och skyddar din personliga information n\u00e4r du anv\u00e4nder v\u00e5r tj\u00e4nst. Soflin Pharma \u00e4r engagerade i att skydda din integritet och s\u00e4kerst\u00e4lla att dina personuppgifter hanteras p\u00e5 ett ansvarsfullt s\u00e4tt.<\/li>\n<\/ul>\n<ol start=\"2\">\n<li><strong> Information vi samlar in<\/strong><\/li>\n<\/ol>\n<ul>\n<li><strong>Personlig information:<\/strong> Namn, e-postadress, telefonnummer, och annan information du frivilligt tillhandah\u00e5ller.<\/li>\n<li><strong>Automatisk information:<\/strong> IP-adress, webbl\u00e4sartyp, spr\u00e5kinst\u00e4llningar, sidor du bes\u00f6ker p\u00e5 v\u00e5r webbplats, och tidpunkter f\u00f6r dessa bes\u00f6k.<\/li>\n<li><strong>Kakor (cookies):<\/strong> Vi anv\u00e4nder cookies f\u00f6r att f\u00f6rb\u00e4ttra din upplevelse p\u00e5 v\u00e5r webbplats. Cookies kan inneh\u00e5lla information om dina bes\u00f6k och inst\u00e4llningar p\u00e5 v\u00e5r webbplats.<\/li>\n<\/ul>\n<ol start=\"3\">\n<li><strong> Hur vi anv\u00e4nder din information<\/strong><\/li>\n<\/ol>\n<ul>\n<li><strong>F\u00f6r att tillhandah\u00e5lla tj\u00e4nster:<\/strong> Anv\u00e4nda din information f\u00f6r att leverera tj\u00e4nster du beg\u00e4r.<\/li>\n<li><strong>F\u00f6r att f\u00f6rb\u00e4ttra v\u00e5r webbplats:<\/strong> Analysera anv\u00e4ndarbeteende och feedback f\u00f6r att f\u00f6rb\u00e4ttra v\u00e5r webbplats och v\u00e5ra tj\u00e4nster.<\/li>\n<li><strong>F\u00f6r kommunikation:<\/strong> Skicka meddelanden om uppdateringar, kampanjer eller andra nyheter relaterade till v\u00e5ra tj\u00e4nster.<\/li>\n<\/ul>\n<ol start=\"4\">\n<li><strong> Delning av information<\/strong><\/li>\n<\/ol>\n<ul>\n<li>Soflin Pharma delar inte din personliga information med tredje part om det inte \u00e4r s\u00e5 att lagen kr\u00e4ver det.<\/li>\n<\/ul>\n<ol start=\"5\">\n<li><strong> S\u00e4kerhet<\/strong><\/li>\n<\/ol>\n<ul>\n<li>Vi anv\u00e4nder olika s\u00e4kerhets\u00e5tg\u00e4rder f\u00f6r att skydda din personliga information fr\u00e5n obeh\u00f6rig \u00e5tkomst, anv\u00e4ndning eller avsl\u00f6jande. Dock kan ingen metod f\u00f6r \u00f6verf\u00f6ring \u00f6ver internet eller elektronisk lagring garantera fullst\u00e4ndig s\u00e4kerhet.<\/li>\n<\/ul>\n<ol start=\"6\">\n<li><strong> Dina r\u00e4ttigheter<\/strong><\/li>\n<\/ol>\n<ul>\n<li><strong>Tillg\u00e5ng:<\/strong> Du har r\u00e4tt att beg\u00e4ra tillg\u00e5ng till de personuppgifter vi har om dig.<\/li>\n<li><strong>R\u00e4ttelse:<\/strong> Du har r\u00e4tt att beg\u00e4ra r\u00e4ttelse av felaktig eller ofullst\u00e4ndig information.<\/li>\n<li><strong>Radering:<\/strong> Du har r\u00e4tt att beg\u00e4ra att vi raderar dina personuppgifter, under vissa omst\u00e4ndigheter.<\/li>\n<li><strong>Inv\u00e4ndning:<\/strong> Du har r\u00e4tt att inv\u00e4nda mot behandlingen av dina personuppgifter f\u00f6r direktmarknadsf\u00f6rings\u00e4ndam\u00e5l.<\/li>\n<\/ul>\n<ol start=\"7\">\n<li><strong> \u00c4ndringar i denna policy<\/strong><\/li>\n<\/ol>\n<p>Vi kan uppdatera denna policy fr\u00e5n tid till annan. Eventuella \u00e4ndringar kommer att publiceras p\u00e5 denna sida och, om \u00e4ndringarna \u00e4r betydande, kommer vi att meddela dig p\u00e5 ett tydligare s\u00e4tt (t.ex. via e-post).<\/p>\n<ol start=\"8\">\n<li><strong> Kontaktinformation<\/strong><\/li>\n<\/ol>\n<p>Om du har n\u00e5gra fr\u00e5gor eller funderingar om denna integritetspolicy, v\u00e4nligen kontakta oss p\u00e5:<\/p>\n<p>Soflin Pharma AB<br \/>E-post: <a href=\"mailto:info@soflinpharma.fi\">info@soflinpharma.fi<\/a><br \/>Telefon: <a href=\"tel:+4686611711\">+46 8\u00a0661 17 11<\/a><br \/>Adress: Box5328, 102 47 Stockholm<\/p>\n<p>&nbsp;<\/p>\n<p>[\/et_pb_text][\/et_pb_column][\/et_pb_row][\/et_pb_section]<\/p>\n","protected":false},"excerpt":{"rendered":"<p>Anv\u00e4ndar- och Integritetspolicy Introduktion Denna anv\u00e4ndar- och integritetspolicy beskriver hur Soflin Pharma samlar in, anv\u00e4nder, delar och skyddar din personliga information n\u00e4r du anv\u00e4nder v\u00e5r tj\u00e4nst. Soflin Pharma \u00e4r engagerade i att skydda din integritet och s\u00e4kerst\u00e4lla att dina personuppgifter hanteras p\u00e5 ett ansvarsfullt s\u00e4tt. Information vi samlar in Personlig information: Namn, e-postadress, telefonnummer, och [&hellip;]<\/p>\n","protected":false},"author":2,"featured_media":0,"parent":0,"menu_order":0,"comment_status":"closed","ping_status":"closed","template":"","meta":{"_et_pb_use_builder":"on","_et_pb_old_content":"","_et_gb_content_width":""},"yoast_head":"<!-- This site is optimized with the Yoast SEO plugin v21.1 - https:\/\/yoast.com\/wordpress\/plugins\/seo\/ -->\n<title>Anv\u00e4ndar- och Integritetspolicy - Soflin Pharma AB<\/title>\n<meta name=\"description\" content=\"Anv\u00e4ndar- och integritetspolicy hur Soflin Pharma samlar in, anv\u00e4nder, delar och skyddar personlig information n\u00e4r du anv\u00e4nder v\u00e5r tj\u00e4nst.\" \/>\n<meta name=\"robots\" content=\"index, follow, max-snippet:-1, max-image-preview:large, max-video-preview:-1\" \/>\n<link rel=\"canonical\" href=\"https:\/\/www.soflinpharma.fi\/sv\/anvandar-och-integritetspolicy\/\" \/>\n<meta property=\"og:locale\" content=\"sv_SE\" \/>\n<meta property=\"og:type\" content=\"article\" \/>\n<meta property=\"og:title\" content=\"Anv\u00e4ndar- och Integritetspolicy - Soflin Pharma AB\" \/>\n<meta property=\"og:description\" content=\"Anv\u00e4ndar- och integritetspolicy hur Soflin Pharma samlar in, anv\u00e4nder, delar och skyddar personlig information n\u00e4r du anv\u00e4nder v\u00e5r tj\u00e4nst.\" \/>\n<meta property=\"og:url\" content=\"https:\/\/www.soflinpharma.fi\/sv\/anvandar-och-integritetspolicy\/\" \/>\n<meta property=\"og:site_name\" content=\"Soflin Pharma AB\" \/>\n<meta property=\"article:modified_time\" content=\"2024-08-29T08:30:20+00:00\" \/>\n<meta name=\"twitter:card\" content=\"summary_large_image\" \/>\n<script type=\"application\/ld+json\" class=\"yoast-schema-graph\">{\"@context\":\"https:\/\/schema.org\",\"@graph\":[{\"@type\":\"WebPage\",\"@id\":\"https:\/\/www.soflinpharma.fi\/sv\/anvandar-och-integritetspolicy\/\",\"url\":\"https:\/\/www.soflinpharma.fi\/sv\/anvandar-och-integritetspolicy\/\",\"name\":\"Anv\u00e4ndar- och Integritetspolicy - Soflin Pharma AB\",\"isPartOf\":{\"@id\":\"https:\/\/www.soflinpharma.fi\/sv\/#website\"},\"datePublished\":\"2024-08-29T08:28:22+00:00\",\"dateModified\":\"2024-08-29T08:30:20+00:00\",\"description\":\"Anv\u00e4ndar- och integritetspolicy hur Soflin Pharma samlar in, anv\u00e4nder, delar och skyddar personlig information n\u00e4r du anv\u00e4nder v\u00e5r tj\u00e4nst.\",\"breadcrumb\":{\"@id\":\"https:\/\/www.soflinpharma.fi\/sv\/anvandar-och-integritetspolicy\/#breadcrumb\"},\"inLanguage\":\"sv-SE\",\"potentialAction\":[{\"@type\":\"ReadAction\",\"target\":[\"https:\/\/www.soflinpharma.fi\/sv\/anvandar-och-integritetspolicy\/\"]}]},{\"@type\":\"BreadcrumbList\",\"@id\":\"https:\/\/www.soflinpharma.fi\/sv\/anvandar-och-integritetspolicy\/#breadcrumb\",\"itemListElement\":[{\"@type\":\"ListItem\",\"position\":1,\"name\":\"Hem\",\"item\":\"https:\/\/www.soflinpharma.fi\/sv\/\"},{\"@type\":\"ListItem\",\"position\":2,\"name\":\"Anv\u00e4ndar- och Integritetspolicy\"}]},{\"@type\":\"WebSite\",\"@id\":\"https:\/\/www.soflinpharma.fi\/sv\/#website\",\"url\":\"https:\/\/www.soflinpharma.fi\/sv\/\",\"name\":\"Soflin Pharma AB\",\"description\":\"\",\"publisher\":{\"@id\":\"https:\/\/www.soflinpharma.fi\/sv\/#organization\"},\"potentialAction\":[{\"@type\":\"SearchAction\",\"target\":{\"@type\":\"EntryPoint\",\"urlTemplate\":\"https:\/\/www.soflinpharma.fi\/sv\/?s={search_term_string}\"},\"query-input\":\"required name=search_term_string\"}],\"inLanguage\":\"sv-SE\"},{\"@type\":\"Organization\",\"@id\":\"https:\/\/www.soflinpharma.fi\/sv\/#organization\",\"name\":\"Soflin Pharma AB\",\"url\":\"https:\/\/www.soflinpharma.fi\/sv\/\",\"logo\":{\"@type\":\"ImageObject\",\"inLanguage\":\"sv-SE\",\"@id\":\"https:\/\/www.soflinpharma.fi\/sv\/#\/schema\/logo\/image\/\",\"url\":\"https:\/\/www.soflinpharma.fi\/wp-content\/uploads\/2022\/09\/soflin_logo.png\",\"contentUrl\":\"https:\/\/www.soflinpharma.fi\/wp-content\/uploads\/2022\/09\/soflin_logo.png\",\"width\":600,\"height\":178,\"caption\":\"Soflin Pharma AB\"},\"image\":{\"@id\":\"https:\/\/www.soflinpharma.fi\/sv\/#\/schema\/logo\/image\/\"}}]}<\/script>\n<!-- \/ Yoast SEO plugin. -->","yoast_head_json":{"title":"Anv\u00e4ndar- och Integritetspolicy - Soflin Pharma AB","description":"Anv\u00e4ndar- och integritetspolicy hur Soflin Pharma samlar in, anv\u00e4nder, delar och skyddar personlig information n\u00e4r du anv\u00e4nder v\u00e5r tj\u00e4nst.","robots":{"index":"index","follow":"follow","max-snippet":"max-snippet:-1","max-image-preview":"max-image-preview:large","max-video-preview":"max-video-preview:-1"},"canonical":"https:\/\/www.soflinpharma.fi\/sv\/anvandar-och-integritetspolicy\/","og_locale":"sv_SE","og_type":"article","og_title":"Anv\u00e4ndar- och Integritetspolicy - Soflin Pharma AB","og_description":"Anv\u00e4ndar- och integritetspolicy hur Soflin Pharma samlar in, anv\u00e4nder, delar och skyddar personlig information n\u00e4r du anv\u00e4nder v\u00e5r tj\u00e4nst.","og_url":"https:\/\/www.soflinpharma.fi\/sv\/anvandar-och-integritetspolicy\/","og_site_name":"Soflin Pharma AB","article_modified_time":"2024-08-29T08:30:20+00:00","twitter_card":"summary_large_image","schema":{"@context":"https:\/\/schema.org","@graph":[{"@type":"WebPage","@id":"https:\/\/www.soflinpharma.fi\/sv\/anvandar-och-integritetspolicy\/","url":"https:\/\/www.soflinpharma.fi\/sv\/anvandar-och-integritetspolicy\/","name":"Anv\u00e4ndar- och Integritetspolicy - Soflin Pharma AB","isPartOf":{"@id":"https:\/\/www.soflinpharma.fi\/sv\/#website"},"datePublished":"2024-08-29T08:28:22+00:00","dateModified":"2024-08-29T08:30:20+00:00","description":"Anv\u00e4ndar- och integritetspolicy hur Soflin Pharma samlar in, anv\u00e4nder, delar och skyddar personlig information n\u00e4r du anv\u00e4nder v\u00e5r tj\u00e4nst.","breadcrumb":{"@id":"https:\/\/www.soflinpharma.fi\/sv\/anvandar-och-integritetspolicy\/#breadcrumb"},"inLanguage":"sv-SE","potentialAction":[{"@type":"ReadAction","target":["https:\/\/www.soflinpharma.fi\/sv\/anvandar-och-integritetspolicy\/"]}]},{"@type":"BreadcrumbList","@id":"https:\/\/www.soflinpharma.fi\/sv\/anvandar-och-integritetspolicy\/#breadcrumb","itemListElement":[{"@type":"ListItem","position":1,"name":"Hem","item":"https:\/\/www.soflinpharma.fi\/sv\/"},{"@type":"ListItem","position":2,"name":"Anv\u00e4ndar- och Integritetspolicy"}]},{"@type":"WebSite","@id":"https:\/\/www.soflinpharma.fi\/sv\/#website","url":"https:\/\/www.soflinpharma.fi\/sv\/","name":"Soflin Pharma AB","description":"","publisher":{"@id":"https:\/\/www.soflinpharma.fi\/sv\/#organization"},"potentialAction":[{"@type":"SearchAction","target":{"@type":"EntryPoint","urlTemplate":"https:\/\/www.soflinpharma.fi\/sv\/?s={search_term_string}"},"query-input":"required name=search_term_string"}],"inLanguage":"sv-SE"},{"@type":"Organization","@id":"https:\/\/www.soflinpharma.fi\/sv\/#organization","name":"Soflin Pharma AB","url":"https:\/\/www.soflinpharma.fi\/sv\/","logo":{"@type":"ImageObject","inLanguage":"sv-SE","@id":"https:\/\/www.soflinpharma.fi\/sv\/#\/schema\/logo\/image\/","url":"https:\/\/www.soflinpharma.fi\/wp-content\/uploads\/2022\/09\/soflin_logo.png","contentUrl":"https:\/\/www.soflinpharma.fi\/wp-content\/uploads\/2022\/09\/soflin_logo.png","width":600,"height":178,"caption":"Soflin Pharma AB"},"image":{"@id":"https:\/\/www.soflinpharma.fi\/sv\/#\/schema\/logo\/image\/"}}]}},"_links":{"self":[{"href":"https:\/\/www.soflinpharma.fi\/sv\/wp-json\/wp\/v2\/pages\/1094"}],"collection":[{"href":"https:\/\/www.soflinpharma.fi\/sv\/wp-json\/wp\/v2\/pages"}],"about":[{"href":"https:\/\/www.soflinpharma.fi\/sv\/wp-json\/wp\/v2\/types\/page"}],"author":[{"embeddable":true,"href":"https:\/\/www.soflinpharma.fi\/sv\/wp-json\/wp\/v2\/users\/2"}],"replies":[{"embeddable":true,"href":"https:\/\/www.soflinpharma.fi\/sv\/wp-json\/wp\/v2\/comments?post=1094"}],"version-history":[{"count":3,"href":"https:\/\/www.soflinpharma.fi\/sv\/wp-json\/wp\/v2\/pages\/1094\/revisions"}],"predecessor-version":[{"id":1098,"href":"https:\/\/www.soflinpharma.fi\/sv\/wp-json\/wp\/v2\/pages\/1094\/revisions\/1098"}],"wp:attachment":[{"href":"https:\/\/www.soflinpharma.fi\/sv\/wp-json\/wp\/v2\/media?parent=1094"}],"curies":[{"name":"wp","href":"https:\/\/api.w.org\/{rel}","templated":true}]}}