{"id":1089,"date":"2024-08-29T10:22:54","date_gmt":"2024-08-29T08:22:54","guid":{"rendered":"https:\/\/www.soflinpharma.fi\/?page_id=1089"},"modified":"2024-08-29T10:33:20","modified_gmt":"2024-08-29T08:33:20","slug":"kop-och-leveransvillkor","status":"publish","type":"page","link":"https:\/\/www.soflinpharma.fi\/sv\/kop-och-leveransvillkor\/","title":{"rendered":"K\u00f6p- och leveransvillkor"},"content":{"rendered":"<p>[et_pb_section fb_built=&#8221;1&#8243; _builder_version=&#8221;4.18.0&#8243; _module_preset=&#8221;default&#8221; global_colors_info=&#8221;{}&#8221;][et_pb_row _builder_version=&#8221;4.18.0&#8243; _module_preset=&#8221;default&#8221; global_colors_info=&#8221;{}&#8221;][et_pb_column type=&#8221;4_4&#8243; _builder_version=&#8221;4.18.0&#8243; _module_preset=&#8221;default&#8221; global_colors_info=&#8221;{}&#8221;][et_pb_text _builder_version=&#8221;4.18.0&#8243; _module_preset=&#8221;default&#8221; header_font=&#8221;|700|||||||&#8221; header_text_color=&#8221;#333333&#8243; global_colors_info=&#8221;{}&#8221;]<\/p>\n<h1>K\u00f6p- och Leveransvillkor<\/h1>\n<p>[\/et_pb_text][\/et_pb_column][\/et_pb_row][et_pb_row _builder_version=&#8221;4.18.0&#8243; _module_preset=&#8221;default&#8221; locked=&#8221;off&#8221; global_colors_info=&#8221;{}&#8221;][et_pb_column type=&#8221;4_4&#8243; _builder_version=&#8221;4.18.0&#8243; _module_preset=&#8221;default&#8221; global_colors_info=&#8221;{}&#8221;][et_pb_text _builder_version=&#8221;4.27.0&#8243; _module_preset=&#8221;default&#8221; hover_enabled=&#8221;0&#8243; global_colors_info=&#8221;{}&#8221; sticky_enabled=&#8221;0&#8243;]<\/p>\n<ol>\n<li><strong> Allm\u00e4nt<\/strong><\/li>\n<\/ol>\n<ul>\n<li>Dessa villkor g\u00e4ller f\u00f6r alla best\u00e4llningar av privatpersoner som g\u00f6rs p\u00e5 Soflin Pharma AB, 556940-4477 webbplats soflinpharma.fi. Genom att genomf\u00f6ra en best\u00e4llning accepterar du dessa villkor.<\/li>\n<li>Vi levererar inom Finland och d\u00e5 ing\u00e5r frakt f\u00f6r privatpersoner i givna priser.<\/li>\n<\/ul>\n<ol start=\"2\">\n<li><strong> Priser och Betalning<\/strong><\/li>\n<\/ol>\n<ul>\n<li>Alla priser \u00e4r angivna i Euro och inkluderar moms.<\/li>\n<li>Inbetalningskort med angiven summa f\u00f6r produkt\/-erna medf\u00f6ljer f\u00f6rs\u00e4ndelsen.<\/li>\n<\/ul>\n<ol start=\"3\">\n<li><strong> Best\u00e4llning <\/strong><strong><\/strong><\/li>\n<\/ol>\n<ul>\n<li>Kunders betalningar i webshop hanteras av Soflin Pharmas samarbetspartner Svea Bank. Du kan betala via kort, direktbetalning, delbetalning och Svea faktura<\/li>\n<li>N\u00e4r du har gjort en best\u00e4llning via webshop \u00e4r det viktigt att du anger r\u00e4tt e-mailadress f\u00f6r att f\u00e5 en bekr\u00e4ftelse via e-post.<\/li>\n<li>Kontrollera att alla uppgifter i bekr\u00e4ftelsen \u00e4r korrekta och kontakta oss omedelbart vid eventuella fel.<\/li>\n<\/ul>\n<ol start=\"4\">\n<li><strong> Leverans<\/strong><\/li>\n<\/ol>\n<ul>\n<li>Vi erbjuder leverans med Postnord f\u00f6r v\u00e5ra leveranser.<\/li>\n<li>Leveranstid \u00e4r normalt 4-5 arbetsdagar fr\u00e5n det att best\u00e4llningen har bekr\u00e4ftats.<br \/>Leveranser g\u00f6rs till den leveransadress som du uppgett vid best\u00e4llningen.<br \/>F\u00f6rs\u00e4ndelser levereras direkt till din brevl\u00e5da eller ditt brevinkast om det f\u00e5r plats. Om f\u00f6rs\u00e4ndelsen inte f\u00e5r plats f\u00e5r du ett sms, e-post eller en avi fr\u00e5n PostNord om att den finns att h\u00e4mta p\u00e5 aviserat utl\u00e4mningsst\u00e4lle.<\/li>\n<li>Fraktkostnad ing\u00e5r i priset f\u00f6r produkten.<\/li>\n<li>Om en produkt inte finns i lager informerar vi dig om den f\u00f6rv\u00e4ntade leveranstiden.<\/li>\n<li>Outl\u00f6sta leveranser som hamnat hos postombudet, ligger i regel kvar i 7 dagar innan den returneras till oss.<\/li>\n<\/ul>\n<ol start=\"5\">\n<li><strong> \u00c5ngerr\u00e4tt och Returer<\/strong><\/li>\n<\/ol>\n<ul>\n<li>Du har r\u00e4tt att \u00e5ngra ditt k\u00f6p inom 14 dagar efter att du mottagit produkten.<\/li>\n<li>F\u00f6r att utnyttja \u00e5ngerr\u00e4tten, kontakta oss via <a href=\"mailto:info@soflinpharma.fi\">info@soflinpharma.fi<\/a> eller ring +46 8 6611711, och returnera produkten i originalskick.<\/li>\n<li>Returkostnader betalas av kunden, om inte produkten \u00e4r defekt eller felaktigt levererad.<\/li>\n<li>\u00c5terbetalning sker inom 14 dagar fr\u00e5n det att vi mottagit den returnerade produkten.<\/li>\n<li>Vid \u00e5terbetalning anv\u00e4nds samma betalningsmedel f\u00f6r \u00e5terbetalningen som anv\u00e4ndes f\u00f6r ditt k\u00f6p, om du inte kommit \u00f6verens med oss om n\u00e5got annat. \u00c5terbetalningen kommer inte att kosta dig n\u00e5got.<\/li>\n<li>Produkter som du vill returnera skickas till f\u00f6ljande adress: Soflin Pharma AB, Box 5329, 102 47 Stockholm. Ange ditt namn och kontaktuppgifter samt orsak till returen.<\/li>\n<\/ul>\n<ol start=\"6\">\n<li><strong> Reklamationer<\/strong><\/li>\n<\/ol>\n<ul>\n<li>Om du f\u00e5r en felaktig leverans, t ex fel produkt, fel antal eller en defekt produkt m\u00e5ste du reklamera leveransen inom sk\u00e4lig tid\u00a0efter att du uppt\u00e4ckt eller borde ha uppt\u00e4ckt felet. Reklamationer som g\u00f6rs inom tv\u00e5 m\u00e5nader fr\u00e5n det att felet uppt\u00e4cktes anses ha gjorts i r\u00e4tt tid. Kontakta oss d\u00e5 p\u00e5 <a href=\"mailto:info@soflinpharma.fi\">info@soflinpharma.fi<\/a> eller ring p\u00e5 tel.+46 8 6611711.<\/li>\n<li>Vi st\u00e5r f\u00f6r returkostnader och erbjuder en ny produkt eller \u00e5terbetalning.<\/li>\n<\/ul>\n<ol start=\"7\">\n<li><strong> Personuppgifter<\/strong><\/li>\n<\/ol>\n<ul>\n<li>Vi hanterar dina personuppgifter i enlighet med GDPR och v\u00e5r integritetspolicy.<\/li>\n<li>Uppgifterna anv\u00e4nds endast f\u00f6r att behandla din best\u00e4llning och f\u00f6rb\u00e4ttra v\u00e5r service.<\/li>\n<\/ul>\n<ol start=\"8\">\n<li><strong> Ansvarsbegr\u00e4nsning<\/strong><\/li>\n<\/ol>\n<ul>\n<li>Vi ansvarar inte f\u00f6r f\u00f6rseningar eller skador som orsakats av tredjepartsleverant\u00f6rer.<\/li>\n<li>V\u00e5rt ansvar f\u00f6r skador \u00e4r begr\u00e4nsat till det totala belopp som betalats av kunden f\u00f6r produkten.<\/li>\n<\/ul>\n<ol start=\"9\">\n<li><strong> Tvistl\u00f6sning<\/strong><\/li>\n<\/ol>\n<ul>\n<li>Eventuella tvister ska i f\u00f6rsta hand l\u00f6sas genom diskussion mellan parterna.<\/li>\n<li>Om en l\u00f6sning inte kan n\u00e5s, ska tvisten avg\u00f6ras enligt finsk lag och av finsk domstol.<\/li>\n<\/ul>\n<ol start=\"10\">\n<li><strong> Copyright<\/strong><\/li>\n<\/ol>\n<ul>\n<li>Allt inneh\u00e5ll p\u00e5 Soflinpharma.fi\/optivital.fi, s\u00e5som texter, grafik, logotyper, bilder, ljudklipp, digitala nedladdningar och annan mjukvara, tillh\u00f6r Soflin pharma AB eller n\u00e5gon av v\u00e5ra samarbetspartners och \u00e4r skyddat av svenska och internationella upphovsr\u00e4ttslagar.<\/li>\n<\/ul>\n<ol start=\"11\">\n<li><strong> <\/strong><strong>\u00c4ndringar av villkoren<\/strong><\/li>\n<\/ol>\n<ul>\n<li>Soflin Pharma f\u00f6rbeh\u00e5ller sig r\u00e4tten att g\u00f6ra \u00e4ndringar i dessa villkor. Ev. \u00e4ndringar kommer att publiceras p\u00e5 Soflin Pharma.fi och f\u00e5r verkan 30 dagar efter att de publicerats p\u00e5 hemsidan, alternativt fr\u00e5n det att du som kund har accepterat villkoren i samband med ett nytt k\u00f6p p\u00e5 hemsidan.<\/li>\n<\/ul>\n<ol start=\"12\">\n<li><strong> Till\u00e4mplig lag och tvist<\/strong><\/li>\n<\/ol>\n<ul>\n<li>Finsk lag ska g\u00e4lla f\u00f6r k\u00f6p som sker via Soflin Pharma.fi\/Optivital.fi. En eventuell tvist mellan kunden och Soflin Pharma r\u00f6rande tolkningen eller till\u00e4mpningen av dessa villkor ska i f\u00f6rsta hand f\u00f6rs\u00f6ka l\u00f6sas av parterna. Ytterst avg\u00f6rs en tvist av finsk allm\u00e4n domstol.<\/li>\n<\/ul>\n<ol start=\"13\">\n<li><strong> Kontaktinformation<\/strong><\/li>\n<\/ol>\n<p>Soflin Pharma AB<br \/>Box5329, 102 47 Stockholm<br \/><a href=\"mailto:info@soflinpharma.se\" title=\"Epost till Soflin Pharma\">info@soflinpharma.se<\/a><br \/><a href=\"tel:+4686611711\">+46 8\u00a0661 17 11<\/a><\/p>\n<p>[\/et_pb_text][\/et_pb_column][\/et_pb_row][\/et_pb_section]<\/p>\n","protected":false},"excerpt":{"rendered":"<p>K\u00f6p- och Leveransvillkor Allm\u00e4nt Dessa villkor g\u00e4ller f\u00f6r alla best\u00e4llningar av privatpersoner som g\u00f6rs p\u00e5 Soflin Pharma AB, 556940-4477 webbplats soflinpharma.fi. Genom att genomf\u00f6ra en best\u00e4llning accepterar du dessa villkor. Vi levererar inom Finland och d\u00e5 ing\u00e5r frakt f\u00f6r privatpersoner i givna priser. Priser och Betalning Alla priser \u00e4r angivna i Euro och inkluderar moms. [&hellip;]<\/p>\n","protected":false},"author":2,"featured_media":0,"parent":0,"menu_order":0,"comment_status":"closed","ping_status":"closed","template":"","meta":{"_et_pb_use_builder":"on","_et_pb_old_content":"","_et_gb_content_width":""},"yoast_head":"<!-- This site is optimized with the Yoast SEO plugin v21.1 - https:\/\/yoast.com\/wordpress\/plugins\/seo\/ -->\n<title>K\u00f6p- och leveransvillkor - Soflin Pharma AB<\/title>\n<meta name=\"description\" content=\"K\u00f6p- och Leveransvillkor g\u00e4ller f\u00f6r alla best\u00e4llningar av privatpersoner som g\u00f6rs p\u00e5 Soflin Pharma AB webbplats soflinpharma.fi.\" \/>\n<meta name=\"robots\" content=\"index, follow, max-snippet:-1, max-image-preview:large, max-video-preview:-1\" \/>\n<link rel=\"canonical\" href=\"https:\/\/www.soflinpharma.fi\/sv\/kop-och-leveransvillkor\/\" \/>\n<meta property=\"og:locale\" content=\"sv_SE\" \/>\n<meta property=\"og:type\" content=\"article\" \/>\n<meta property=\"og:title\" content=\"K\u00f6p- och leveransvillkor - Soflin Pharma AB\" \/>\n<meta property=\"og:description\" content=\"K\u00f6p- och Leveransvillkor g\u00e4ller f\u00f6r alla best\u00e4llningar av privatpersoner som g\u00f6rs p\u00e5 Soflin Pharma AB webbplats soflinpharma.fi.\" \/>\n<meta property=\"og:url\" content=\"https:\/\/www.soflinpharma.fi\/sv\/kop-och-leveransvillkor\/\" \/>\n<meta property=\"og:site_name\" content=\"Soflin Pharma AB\" \/>\n<meta property=\"article:modified_time\" content=\"2024-08-29T08:33:20+00:00\" \/>\n<meta name=\"twitter:card\" content=\"summary_large_image\" \/>\n<meta name=\"twitter:label1\" content=\"Ber\u00e4knad l\u00e4stid\" \/>\n\t<meta name=\"twitter:data1\" content=\"6 minuter\" \/>\n<script type=\"application\/ld+json\" class=\"yoast-schema-graph\">{\"@context\":\"https:\/\/schema.org\",\"@graph\":[{\"@type\":\"WebPage\",\"@id\":\"https:\/\/www.soflinpharma.fi\/sv\/kop-och-leveransvillkor\/\",\"url\":\"https:\/\/www.soflinpharma.fi\/sv\/kop-och-leveransvillkor\/\",\"name\":\"K\u00f6p- och leveransvillkor - Soflin Pharma AB\",\"isPartOf\":{\"@id\":\"https:\/\/www.soflinpharma.fi\/sv\/#website\"},\"datePublished\":\"2024-08-29T08:22:54+00:00\",\"dateModified\":\"2024-08-29T08:33:20+00:00\",\"description\":\"K\u00f6p- och Leveransvillkor g\u00e4ller f\u00f6r alla best\u00e4llningar av privatpersoner som g\u00f6rs p\u00e5 Soflin Pharma AB webbplats soflinpharma.fi.\",\"breadcrumb\":{\"@id\":\"https:\/\/www.soflinpharma.fi\/sv\/kop-och-leveransvillkor\/#breadcrumb\"},\"inLanguage\":\"sv-SE\",\"potentialAction\":[{\"@type\":\"ReadAction\",\"target\":[\"https:\/\/www.soflinpharma.fi\/sv\/kop-och-leveransvillkor\/\"]}]},{\"@type\":\"BreadcrumbList\",\"@id\":\"https:\/\/www.soflinpharma.fi\/sv\/kop-och-leveransvillkor\/#breadcrumb\",\"itemListElement\":[{\"@type\":\"ListItem\",\"position\":1,\"name\":\"Hem\",\"item\":\"https:\/\/www.soflinpharma.fi\/sv\/\"},{\"@type\":\"ListItem\",\"position\":2,\"name\":\"K\u00f6p- och leveransvillkor\"}]},{\"@type\":\"WebSite\",\"@id\":\"https:\/\/www.soflinpharma.fi\/sv\/#website\",\"url\":\"https:\/\/www.soflinpharma.fi\/sv\/\",\"name\":\"Soflin Pharma AB\",\"description\":\"\",\"publisher\":{\"@id\":\"https:\/\/www.soflinpharma.fi\/sv\/#organization\"},\"potentialAction\":[{\"@type\":\"SearchAction\",\"target\":{\"@type\":\"EntryPoint\",\"urlTemplate\":\"https:\/\/www.soflinpharma.fi\/sv\/?s={search_term_string}\"},\"query-input\":\"required name=search_term_string\"}],\"inLanguage\":\"sv-SE\"},{\"@type\":\"Organization\",\"@id\":\"https:\/\/www.soflinpharma.fi\/sv\/#organization\",\"name\":\"Soflin Pharma AB\",\"url\":\"https:\/\/www.soflinpharma.fi\/sv\/\",\"logo\":{\"@type\":\"ImageObject\",\"inLanguage\":\"sv-SE\",\"@id\":\"https:\/\/www.soflinpharma.fi\/sv\/#\/schema\/logo\/image\/\",\"url\":\"https:\/\/www.soflinpharma.fi\/wp-content\/uploads\/2022\/09\/soflin_logo.png\",\"contentUrl\":\"https:\/\/www.soflinpharma.fi\/wp-content\/uploads\/2022\/09\/soflin_logo.png\",\"width\":600,\"height\":178,\"caption\":\"Soflin Pharma AB\"},\"image\":{\"@id\":\"https:\/\/www.soflinpharma.fi\/sv\/#\/schema\/logo\/image\/\"}}]}<\/script>\n<!-- \/ Yoast SEO plugin. -->","yoast_head_json":{"title":"K\u00f6p- och leveransvillkor - Soflin Pharma AB","description":"K\u00f6p- och Leveransvillkor g\u00e4ller f\u00f6r alla best\u00e4llningar av privatpersoner som g\u00f6rs p\u00e5 Soflin Pharma AB webbplats soflinpharma.fi.","robots":{"index":"index","follow":"follow","max-snippet":"max-snippet:-1","max-image-preview":"max-image-preview:large","max-video-preview":"max-video-preview:-1"},"canonical":"https:\/\/www.soflinpharma.fi\/sv\/kop-och-leveransvillkor\/","og_locale":"sv_SE","og_type":"article","og_title":"K\u00f6p- och leveransvillkor - Soflin Pharma AB","og_description":"K\u00f6p- och Leveransvillkor g\u00e4ller f\u00f6r alla best\u00e4llningar av privatpersoner som g\u00f6rs p\u00e5 Soflin Pharma AB webbplats soflinpharma.fi.","og_url":"https:\/\/www.soflinpharma.fi\/sv\/kop-och-leveransvillkor\/","og_site_name":"Soflin Pharma AB","article_modified_time":"2024-08-29T08:33:20+00:00","twitter_card":"summary_large_image","twitter_misc":{"Ber\u00e4knad l\u00e4stid":"6 minuter"},"schema":{"@context":"https:\/\/schema.org","@graph":[{"@type":"WebPage","@id":"https:\/\/www.soflinpharma.fi\/sv\/kop-och-leveransvillkor\/","url":"https:\/\/www.soflinpharma.fi\/sv\/kop-och-leveransvillkor\/","name":"K\u00f6p- och leveransvillkor - Soflin Pharma AB","isPartOf":{"@id":"https:\/\/www.soflinpharma.fi\/sv\/#website"},"datePublished":"2024-08-29T08:22:54+00:00","dateModified":"2024-08-29T08:33:20+00:00","description":"K\u00f6p- och Leveransvillkor g\u00e4ller f\u00f6r alla best\u00e4llningar av privatpersoner som g\u00f6rs p\u00e5 Soflin Pharma AB webbplats soflinpharma.fi.","breadcrumb":{"@id":"https:\/\/www.soflinpharma.fi\/sv\/kop-och-leveransvillkor\/#breadcrumb"},"inLanguage":"sv-SE","potentialAction":[{"@type":"ReadAction","target":["https:\/\/www.soflinpharma.fi\/sv\/kop-och-leveransvillkor\/"]}]},{"@type":"BreadcrumbList","@id":"https:\/\/www.soflinpharma.fi\/sv\/kop-och-leveransvillkor\/#breadcrumb","itemListElement":[{"@type":"ListItem","position":1,"name":"Hem","item":"https:\/\/www.soflinpharma.fi\/sv\/"},{"@type":"ListItem","position":2,"name":"K\u00f6p- och leveransvillkor"}]},{"@type":"WebSite","@id":"https:\/\/www.soflinpharma.fi\/sv\/#website","url":"https:\/\/www.soflinpharma.fi\/sv\/","name":"Soflin Pharma AB","description":"","publisher":{"@id":"https:\/\/www.soflinpharma.fi\/sv\/#organization"},"potentialAction":[{"@type":"SearchAction","target":{"@type":"EntryPoint","urlTemplate":"https:\/\/www.soflinpharma.fi\/sv\/?s={search_term_string}"},"query-input":"required name=search_term_string"}],"inLanguage":"sv-SE"},{"@type":"Organization","@id":"https:\/\/www.soflinpharma.fi\/sv\/#organization","name":"Soflin Pharma AB","url":"https:\/\/www.soflinpharma.fi\/sv\/","logo":{"@type":"ImageObject","inLanguage":"sv-SE","@id":"https:\/\/www.soflinpharma.fi\/sv\/#\/schema\/logo\/image\/","url":"https:\/\/www.soflinpharma.fi\/wp-content\/uploads\/2022\/09\/soflin_logo.png","contentUrl":"https:\/\/www.soflinpharma.fi\/wp-content\/uploads\/2022\/09\/soflin_logo.png","width":600,"height":178,"caption":"Soflin Pharma AB"},"image":{"@id":"https:\/\/www.soflinpharma.fi\/sv\/#\/schema\/logo\/image\/"}}]}},"_links":{"self":[{"href":"https:\/\/www.soflinpharma.fi\/sv\/wp-json\/wp\/v2\/pages\/1089"}],"collection":[{"href":"https:\/\/www.soflinpharma.fi\/sv\/wp-json\/wp\/v2\/pages"}],"about":[{"href":"https:\/\/www.soflinpharma.fi\/sv\/wp-json\/wp\/v2\/types\/page"}],"author":[{"embeddable":true,"href":"https:\/\/www.soflinpharma.fi\/sv\/wp-json\/wp\/v2\/users\/2"}],"replies":[{"embeddable":true,"href":"https:\/\/www.soflinpharma.fi\/sv\/wp-json\/wp\/v2\/comments?post=1089"}],"version-history":[{"count":4,"href":"https:\/\/www.soflinpharma.fi\/sv\/wp-json\/wp\/v2\/pages\/1089\/revisions"}],"predecessor-version":[{"id":1100,"href":"https:\/\/www.soflinpharma.fi\/sv\/wp-json\/wp\/v2\/pages\/1089\/revisions\/1100"}],"wp:attachment":[{"href":"https:\/\/www.soflinpharma.fi\/sv\/wp-json\/wp\/v2\/media?parent=1089"}],"curies":[{"name":"wp","href":"https:\/\/api.w.org\/{rel}","templated":true}]}}